{"id":5,"date":"2015-06-04T14:05:39","date_gmt":"2015-06-04T12:05:39","guid":{"rendered":"http:\/\/fkn.se\/ny\/?page_id=5"},"modified":"2023-11-07T15:52:05","modified_gmt":"2023-11-07T14:52:05","slug":"start","status":"publish","type":"page","link":"https:\/\/fkn.se\/","title":{"rendered":"V\u00e4lkommen till fkn.se"},"content":{"rendered":"<p><b>Karl Nordstr\u00f6m <\/b>levde 1855-1923 (f\u00f6dd p\u00e5 Tj\u00f6rn) och ledde runt f\u00f6rra sekelskiftet <a href=\"https:\/\/fkn.se\/index.php\/historik\/\">Konstn\u00e4rsf\u00f6rbundet<\/a> och dess skola i Stockholm. Han var l\u00e4nge ordf\u00f6rande i f\u00f6rbundet, vilket startades som en reaktion p\u00e5 den konservativa Kungliga Konstakademin. Som konstn\u00e4r ans\u00e5gs KN vara Sveriges f\u00f6rste och kanske ende \u00e4kta impressionist. Han var en banbrytare inom konsten och tillh\u00f6r de fr\u00e4msta n\u00e5gonsin inom svenskt konstn\u00e4rskap, framf\u00f6r allt som landskapsm\u00e5lare.<\/p>\n<p>I samband med utst\u00e4llningen v\u00e5ren 2014 p\u00e5 Prins Eugens Waldemarsudde ben\u00e4mndes han <strong>&#8221;Konstn\u00e4rernas konstn\u00e4r&#8221;.<\/strong><\/p>\n<figure id=\"attachment_158\" aria-describedby=\"caption-attachment-158\" style=\"width: 817px\" class=\"wp-caption alignnone\"><a href=\"http:\/\/fkn.se\/wp-content\/uploads\/2015\/06\/Galeas.jpeg\"><img loading=\"lazy\" decoding=\"async\" class=\"wp-image-158 size-full\" src=\"http:\/\/fkn.se\/wp-content\/uploads\/2015\/06\/Galeas.jpeg\" alt=\"Galeas\" width=\"817\" height=\"584\" srcset=\"https:\/\/fkn.se\/wp-content\/uploads\/2015\/06\/Galeas.jpeg 817w, https:\/\/fkn.se\/wp-content\/uploads\/2015\/06\/Galeas-300x214.jpeg 300w\" sizes=\"auto, (max-width: 817px) 100vw, 817px\" \/><\/a><figcaption id=\"caption-attachment-158\" class=\"wp-caption-text\">Karl Nordstr\u00f6ms m\u00e5lning<em> Galeas p\u00e5 kustfart.\u00a0<\/em> 1902, olja, Billstr\u00f6mska folkh\u00f6gskolan, Tj\u00f6rn.<\/figcaption><\/figure>\n<p><b><u>INNEH\u00c5LL<\/u><\/b><\/p>\n<p>F\u00f6reningen<br \/>\nAktiviteter<br \/>\nMedlemsinfo<br \/>\nGalleri<br \/>\nKonstn\u00e4rsf\u00f6rbundet<br \/>\nKarl Nordstr\u00f6m och H\u00e4r\u00f6n<br \/>\nKarl Nordstr\u00f6m och Tj\u00f6rn<br \/>\nKarl Nordstr\u00f6m och Prins Eugen<br \/>\nBiografiska uppgifter<br \/>\nSixten Str\u00f6mbom om Karl Nordstr\u00f6m<br \/>\nStala kyrka<br \/>\nStilleben 1884<br \/>\nNordstr\u00f6ms grav<br \/>\nHistorik<br \/>\nLitteratur<br \/>\nStyrelse<\/p>\n","protected":false},"excerpt":{"rendered":"<p>Karl Nordstr\u00f6m levde 1855-1923 (f\u00f6dd p\u00e5 Tj\u00f6rn) och ledde runt f\u00f6rra sekelskiftet Konstn\u00e4rsf\u00f6rbundet och dess skola i Stockholm. Han var l\u00e4nge ordf\u00f6rande i f\u00f6rbundet, vilket startades som en reaktion p\u00e5 den konservativa Kungliga Konstakademin. Som konstn\u00e4r ans\u00e5gs KN vara Sveriges f\u00f6rste och kanske ende \u00e4kta impressionist. Han var en banbrytare inom konsten och tillh\u00f6r de &hellip; <a href=\"https:\/\/fkn.se\/\" class=\"more-link\">Forts\u00e4tt l\u00e4sa <span class=\"screen-reader-text\">V\u00e4lkommen till fkn.se<\/span><\/a><\/p>\n","protected":false},"author":4,"featured_media":0,"parent":0,"menu_order":0,"comment_status":"closed","ping_status":"closed","template":"","meta":{"footnotes":""},"class_list":["post-5","page","type-page","status-publish","hentry"],"_links":{"self":[{"href":"https:\/\/fkn.se\/index.php\/wp-json\/wp\/v2\/pages\/5","targetHints":{"allow":["GET"]}}],"collection":[{"href":"https:\/\/fkn.se\/index.php\/wp-json\/wp\/v2\/pages"}],"about":[{"href":"https:\/\/fkn.se\/index.php\/wp-json\/wp\/v2\/types\/page"}],"author":[{"embeddable":true,"href":"https:\/\/fkn.se\/index.php\/wp-json\/wp\/v2\/users\/4"}],"replies":[{"embeddable":true,"href":"https:\/\/fkn.se\/index.php\/wp-json\/wp\/v2\/comments?post=5"}],"version-history":[{"count":22,"href":"https:\/\/fkn.se\/index.php\/wp-json\/wp\/v2\/pages\/5\/revisions"}],"predecessor-version":[{"id":4280,"href":"https:\/\/fkn.se\/index.php\/wp-json\/wp\/v2\/pages\/5\/revisions\/4280"}],"wp:attachment":[{"href":"https:\/\/fkn.se\/index.php\/wp-json\/wp\/v2\/media?parent=5"}],"curies":[{"name":"wp","href":"https:\/\/api.w.org\/{rel}","templated":true}]}}