{"id":45,"date":"2015-07-17T12:19:07","date_gmt":"2015-07-17T10:19:07","guid":{"rendered":"http:\/\/fkn.se\/ny\/?page_id=45"},"modified":"2026-01-29T12:01:42","modified_gmt":"2026-01-29T11:01:42","slug":"historik","status":"publish","type":"page","link":"https:\/\/fkn.se\/index.php\/historik\/","title":{"rendered":"Historik"},"content":{"rendered":"<h2 style=\"text-align: justify;\"><strong>35 \u00e5r med FKN<\/strong><\/h2>\n<p><!--more--><\/p>\n<h3 style=\"text-align: justify;\"><strong>\u00c5rsm\u00f6ten, medlemsm\u00f6ten, resor<br \/><\/strong><\/h3>\n<p style=\"text-align: justify;\">Samtliga \u00e5rsm\u00f6ten p\u00e5 Billstr\u00f6mska folkh\u00f6gskolan utom \u00e5r 1993<\/p>\n<h4>1990<\/h4>\n<p><strong>28 januari: <\/strong>F\u00f6reningen Karl Nordstr\u00f6m (FKN) bildas vid en sammankomst\u00a0 p\u00e5 Tj\u00f6rn. Vandring fr\u00e5n S\u00e4byg\u00e5rden f\u00f6rbi konstn\u00e4rens f\u00f6delseplats \u00a0p\u00e5 Hoga och vidare till Billstr\u00f6mska folkh\u00f6gskolan<\/p>\n<h4>1991<\/h4>\n<p><strong>14 april<\/strong>\u00a0\u00c5rsm\u00f6te. Arne Isacsson: &#8221;Karl Nordstr\u00f6m och de bohusl\u00e4nska bergen&#8221;<br \/>Under sommaren en mindre utst\u00e4llning i Sk\u00e4rhamn<br \/><strong>21-22 september Resa till Stockholm<\/strong><\/p>\n<h4>1992<\/h4>\n<p><strong>18 januari<\/strong> G\u00f6teborgs konstmuseum. Verk av Karl Nordstr\u00f6m och samtida konstn\u00e4rer<br \/><strong>5 april<\/strong>\u00a0\u00c5<strong>rsm\u00f6te<\/strong>. Agneta von Zeipel: Om Bohusl\u00e4ns museums konst &#8211; s\u00e4rskilt med anknytning till Karl Nordstr\u00f6m och hans tid<br \/><strong>9 juli\u00a0<\/strong>Vandring p\u00e5 H\u00e4r\u00f6n<br \/><strong>22-23 september Resa<\/strong> till Norrk\u00f6ping och Stockholm<\/p>\n<h4>1993<\/h4>\n<p><strong>20 april<\/strong>\u00a0\u00c5rsm\u00f6te G\u00f6teborgs konstmuseum. Bengt-Arne Persson: &#8221;Varbergs-skolan&#8221;<br \/><strong>14-23 maj Resa <\/strong>till Frankrike: Paris, Gr\u00e8z-sur Loing<br \/><strong>29 juli<\/strong> Dagstur till Rydal och Varberg, &#8221;Varbergsskolan 100 \u00e5r&#8221;<\/p>\n<h4>1994<\/h4>\n<p><strong>17 april \u00c5rsm\u00f6te<\/strong>. Ninni Johansson: Om G\u00f6teborgskoloristerna och vilka av dem som tagit intryck av Karl Nordstr\u00f6ms m\u00e5leri<br \/><strong>12-14 maj<\/strong> Resa till Sundborn och Mora m fl platser<br \/><strong>13 juli\u00a0<\/strong>Vandring till S\u00e4by &#8221;I Karl Nordstr\u00f6ms \u00a0fotsp\u00e5r&#8221;<\/p>\n<h4>1995<\/h4>\n<p><strong>23 april<\/strong>\u00a0<strong>\u00c5rsm\u00f6te<\/strong>. Britta Wessel: Om f\u00f6rarbetet f\u00f6r Nordiska Akvarellmuseet<br \/><strong>20 maj Resa\u00a0<\/strong>till J\u00f6nk\u00f6pings l\u00e4ns museum och Ellen Key Strand<br \/><strong>17 juni<\/strong>\u00a0<strong>5-\u00c5RS JUBILEUM<\/strong>, middag p\u00e5 Billstr\u00f6mska.\u00a0Skriften &#8221;Karl Nordstr\u00f6m Konstn\u00e4r och banbrytare&#8221;. Text och bearbetning: Alf Elmberg och Maj-Lies Wistrand<br \/><strong>13 juli\u00a0<\/strong>Vandring till Hartippen<\/p>\n<h4>1996<\/h4>\n<p><strong>14 april<\/strong>\u00a0\u00c5<strong>rsm\u00f6te<\/strong>. H\u00e5kan Wettre: K\u00e5seri med bilder med den bl\u00e5 f\u00e4rgen som tema<br \/><strong>11 juli<\/strong> Vandring till K\u00e5lhuvudet<br \/><strong>27-29 september Resa\u00a0<\/strong>till Norrk\u00f6pings konstmuseum, &#8221;Par i konsten&#8221; och Stockholm med bes\u00f6k p\u00e5 Karl Nordstr\u00f6ms grav p\u00e5 Norra Kyrkog\u00e5rden<\/p>\n<h4>1997<\/h4>\n<p><strong>13 april<\/strong>\u00a0\u00c5<strong>rsm\u00f6te<\/strong>. Gunilla Ericsson: Om ny och intressant konstlitteratur<br \/><strong>2-11 maj Resa\u00a0<\/strong>till Frankrike: Gr\u00e8z-sur-Loing<br \/><strong>17 juli<\/strong> Vandring p\u00e5 Vetteberget<\/p>\n<h4>1998<\/h4>\n<p><strong>28-29 mars Resa<\/strong> till K\u00f6penhamn<br \/><strong>19 april<\/strong>\u00a0\u00c5<strong>rsm\u00f6te<\/strong>. Bj\u00f6rn Fredlund: &#8221;Den inre r\u00f6stens maning. Richard Bergh om Karl Nordstr\u00f6m och st\u00e4mningslandskapet&#8221;<br \/><strong>30 juli<\/strong> Kulturvandring p\u00e5 Kl\u00e4desholmen<br \/><strong>18-20 september Resa\u00a0<\/strong>till V\u00e4rmland och Norge<\/p>\n<h4>1999<\/h4>\n<p><strong>18 april<\/strong>\u00a0<strong>\u00c5rsm\u00f6te<\/strong>. Bo Myhrman: Om v\u00e5ra dagars verksamhet p\u00e5 Hotel Chevillon och om planer f\u00f6r framtiden<br \/><strong>Resa<\/strong> till V\u00e4rmland<br \/><strong>22 juli\u00a0<\/strong>Kyrkesund: Bes\u00f6k p\u00e5 H\u00e4r\u00f6n och St Olovs valar<\/p>\n<h4>2000<\/h4>\n<p><strong>27 maj \u00c5rsm\u00f6te.<\/strong>\u00a0<strong>10-\u00c5RSJUBILEUM<\/strong> i G\u00f6teborg: Konstmuseet och Universitetets aula, f\u00f6redrag av Carl-G\u00f6ran Ekerwald, Bj\u00f6rn Meidal och Lennart Didoff ; se h\u00e4ftet &#8221;Hommage \u00e0 Karl Nordstr\u00f6m&#8221;<br \/><strong>13 juli<\/strong> Invigning av Nordstr\u00f6msg\u00e5rden i Hoga, bes\u00f6k p\u00e5 ny\u00f6ppnade Akvarellmuseet, Sk\u00e4rhamn<\/p>\n<h4>2001<\/h4>\n<p><strong>22 april \u00c5rsm\u00f6te\u00a0<\/strong>Kerstin Holm, Norrk\u00f6pings museum: Karl Nordstr\u00f6m och de verk som finns av honom p\u00e5 museet i Norrk\u00f6ping<br \/>Vandring\u00a0fr\u00e5n Hoga till S\u00e4byg\u00e5rden<br \/><strong>20 oktober Resa<\/strong> till Dalslands museum, Upperud: &#8221;Karl Nordstr\u00f6msuttst\u00e4llningen&#8221;<\/p>\n<h4>2002<\/h4>\n<p><strong>21 april<\/strong>\u00a0<strong>\u00c5rsm\u00f6te<\/strong>. H\u00e5kan Wettre: &#8221;Nordisk konst i v\u00e4rlden &#8211; om Karl Nordstr\u00f6m och hans generationskamrater kring sekelskiftet 1900<br \/><strong>4 juli<\/strong> Billstr\u00f6mska. Pelle Stavfelt: Karl Nordstr\u00f6m och hans generationskamrater<br \/><strong>25 juli\u00a0<\/strong>Vandring till Hartippen<br \/><strong>5-6 oktober Resa\u00a0<\/strong>till Norrk\u00f6ping och Stockholm: &#8221;Impressionismen och Norden&#8221;<\/p>\n<h4>2003<\/h4>\n<p><strong>13 april\u00a0<\/strong><strong>\u00c5rsm\u00f6te<\/strong><br \/><strong>10 juli <\/strong>H\u00e4r\u00f6n<br \/><strong>24 juli<\/strong> Vandring med guide till St Olovs valar<br \/><strong>27 september Resa\u00a0<\/strong>till Dalslands museum, Upperud: &#8221;Prins Eugens M\u00e5leri&#8221;<\/p>\n<h4>2004<\/h4>\n<p><strong>21 februari<\/strong>\u00a0Hotell Eggers, Palace och Konstmuseet i G\u00f6teborg: &#8221;I Karl Nordstr\u00f6ms sp\u00e5r&#8221;<strong>\u00a0\u00a0<\/strong><br \/><strong>4 april<\/strong>\u00a0\u00c5<strong>rsm\u00f6te<\/strong>. Pelle Stavfelt: &#8221;Paris i konsten &#8211; fr\u00e5n februariorevolutionen till v\u00e4rldsutst\u00e4llningen&#8221;<br \/><strong>11 juli\u00a0<\/strong>Vandring i Hoga, &#8221;S\u00e4byleden&#8221;<br \/><strong>22 juli\u00a0<\/strong>Vandring p\u00e5 Vetteberget<br \/><strong>28 augusti<\/strong>\u00a0<strong>Resa\u00a0<\/strong>till Varbergs museum och Apelviken<\/p>\n<h4>2005<\/h4>\n<p><strong>NORDSTR\u00d6M-\u00c5RET<br \/>5 mars<\/strong>\u00a0Tyska skolan och Hotell Eggers, G\u00f6teborg<br \/><strong>2 april<\/strong>\u00a0<strong>\u00c5rsm\u00f6te.<\/strong>\u00a0\u00c5sa Axberg: &#8221;Karl Nordstr\u00f6m och Varbergsskolan&#8221;<br \/><strong>11 juli<\/strong> \u00a0150-\u00c5RSFIRANDE AV KARL NORDSTR\u00d6MS F\u00d6DELSE\u00a0 Billstr\u00f6mska folkh\u00f6gskolan:<br \/>&#8221;Karl Nordstr\u00f6m &#8211; motiv fr\u00e5n Tj\u00f6rn&#8221;. Utst\u00e4llning i Musikhuset<br \/>Bengt Sahlstr\u00f6m: &#8221;Karl Nordstr\u00f6m &#8211; inspirat\u00f6r i v\u00e4rml\u00e4ndska konstn\u00e4rsdr\u00f6mmar&#8221;<br \/><strong>14 juli<\/strong>\u00a0H\u00e4r\u00f6n: &#8221;Vandring i Karl Nordstr\u00f6ms sp\u00e5r&#8221;<br \/><strong>21 juli<\/strong> &#8221;Vandring bland Karl Nordstr\u00f6ms motiv i Hoga och S\u00e4by&#8221;<br \/><strong>3 september<\/strong>\u00a0<strong>H\u00f6stresa<\/strong> till Gullholmens museum<\/p>\n<h4>2006<\/h4>\n<p><strong>4 mars<\/strong> Palace, Brunnsparken, G\u00f6teborg. Bengt T\u00f6rnqvist &#8221;Karl Nordstr\u00f6m&#8221;, f\u00f6redrag med bilder<br \/><strong>9 april<\/strong>\u00a0<strong>\u00c5rsm\u00f6te<\/strong>. \u00a0Sten Torstensson, Dalslands museum: &#8221;Dalslandskonst &#8211; f\u00f6rr och nu&#8221;<br \/><strong>22-23 april Resa<\/strong> till V\u00e4rmland, Sahlstr\u00f6msg\u00e5rden, Utterbyn<br \/><strong>13 juli<\/strong><strong>\u00a0<\/strong>Sommarvandring p\u00e5 Kl\u00e4desholmen<br \/><strong>27 juli<\/strong>\u00a0Vandring p\u00e5 H\u00e4r\u00f6n runt \u00c4nga<strong>\u00a0<\/strong><br \/><strong>9 december<\/strong> R\u00f6hsska museet. Kerstin Lekholm &#8221;Japanska tr\u00e4snitt och dess p\u00e5verkan p\u00e5 v\u00e4sterl\u00e4ndsk konst&#8221;, Marianne Nilsson: &#8221;Vem har skapat Carl Larssonstilen &#8211; Carl eller Karin?&#8221;<\/p>\n<h4>200<strong>7<\/strong><\/h4>\n<p><strong>10 mars V\u00e5rresa\u00a0<\/strong> till Oslo: &#8221;Nordiskt landskapsm\u00e5leri 1840-1910&#8221;<br \/><strong>15 april \u00c5rsm\u00f6te<\/strong>. Anders Littke och Bengt T\u00f6rnqvist om n\u00e5gra av de elever som Karl Nordstr\u00f6m undervisade i Konstn\u00e4rsf\u00f6rbundets skola<\/p>\n<h4>2008<\/h4>\n<p><strong>19 januari<\/strong> Bleketskolan. Gunilla Elmlund och\u00a0 Stina Landstr\u00f6m: &#8221;F\u00e4rgteknik och konsthistoria fr\u00e5n impressionismen till v\u00e5ra dagar&#8221;<br \/><strong>31 maj Resa\u00a0<\/strong>till Lousiana: &#8221;C\u00e9zanne och Giacometti&#8221; samt till Ordrupsgaard<br \/><strong>6 april<\/strong>\u00a0<strong>\u00c5rsm\u00f6te<\/strong>. Bengt T\u00f6rnqvist: Om andra &#8221;skolor&#8221; i Norden parallellt med Konstn\u00e4rsf\u00f6rbundet och Karl Nordstr\u00f6m<br \/><strong>24 juli<\/strong>. H\u00e4r\u00f6n, skolhuset. Elisabet Lindberg om familjen Nordstr\u00f6m i den Sahlstr\u00f6mska brevsamlingen<\/p>\n<h4>2009<\/h4>\n<p><strong>19 april<\/strong>. <strong>\u00c5rsm\u00f6te<\/strong>.\u00a0Alf Elmberg om restaureringen av Hotel Chevillon i Gr\u00e8z-sur-Loing och visning av TV2-filmerna om byn Gr\u00e8z och om Karl Nordstr\u00f6ms utveckling som konstn\u00e4r<br \/><strong>16 maj Resa\u00a0<\/strong>till J\u00f6nk\u00f6pings l\u00e4ns museum: Georg och Hanna Pauli konstsamling samt John Bauer-utst\u00e4llningen<br \/><strong>15 juli<\/strong>. H\u00e4r\u00f6n, skolhuset. Bengt T\u00f6rnqvist om Prins Eugen<\/p>\n<h4>2010<\/h4>\n<p><strong>13 mars Resa<\/strong> till Bohusl\u00e4ns museum: &#8221;Carl Wilhelmssons-utst\u00e4llningen&#8221;<br \/><strong>11 april<\/strong>\u00a0<strong>\u00c5rsm\u00f6te<\/strong>. Bengt T\u00f6rnqvist: Om Richard Bergh<br \/><strong>11 juli<\/strong>. <strong>20-\u00c5RSJUBILEUM<\/strong> Restaurang Bryggan, Sk\u00e4rhamn. \u00a0Bj\u00f6rn Fredlund om F\u00fcrstenbergska galleriet<br \/><strong>22 juli\u00a0<\/strong>Bes\u00f6k p\u00e5 K\u00e5lhuvudet, Kyrkesund<\/p>\n<h4>2011<\/h4>\n<p><strong>19 februari<\/strong>. G\u00f6teborg, Stadsmuseet. Bengt T\u00f6rnqvist om Nils Kreuger<br \/><strong>10 april<\/strong>\u00a0<strong>\u00c5rsm\u00f6te<\/strong>. Peter Lenken om sin roman &#8221;Skymningsgl\u00f6den&#8221;<br \/><strong>26 juli<\/strong>. H\u00e4r\u00f6n, skolhuset. Alf Elmberg om Karl Nordstr\u00f6m vintern 1918\/1919<\/p>\n<h4>2012<\/h4>\n<p><strong>8 februari<\/strong><strong>\u00a0<\/strong>Bes\u00f6k i Wenerska villan, G\u00f6teborg<br \/><strong>25 mars<\/strong>\u00a0<strong>\u00c5rsm\u00f6te<\/strong><strong>\u00a0<\/strong>Bengt T\u00f6rnqvist f\u00f6redrag om Karl Fredrik Hill<br \/><strong>31 mars Resa\u00a0<\/strong>till Malm\u00f6 konstmuseum och utst\u00e4llningen &#8221;Karl Fredrik Hill&#8221;<br \/><strong>19 juli<\/strong>. H\u00e4r\u00f6n, skolhuset. Alf Elmberg om sin nyutkomna bok &#8221;Karl Nordstr\u00f6m konstn\u00e4r och banbrytare&#8221;<\/p>\n<h4>2013<\/h4>\n<p><strong>2 februari Resa\u00a0<\/strong><strong>\u00a0<\/strong>till Bohusl\u00e4ns museum: Konstverk av Ragnar Ljungman<br \/><strong>24 mars\u00a0\u00c5rsm\u00f6te<\/strong>. Solveig Persson om sin nyutkomna bok &#8221;L\u00e4nsmansfruar\u00a0 p\u00e5 Hoga. Levnadsber\u00e4ttelser&#8221;<br \/><strong>18 april\u00a0<\/strong>Bes\u00f6k p\u00e5 Residenset i G\u00f6teborg<br \/><strong>11 juli<\/strong>. H\u00e4r\u00f6n, skolhuset. Bengt T\u00f6rnqvist om Otto Hesselbom<br \/><strong>15 augusti Resa\u00a0<\/strong>till Dalslands Museum: Otto Hesselbom-utst\u00e4llningen<br \/><strong>14 november\u00a0<\/strong>Bes\u00f6k p\u00e5 konstsamlingen i SKF:s Verkstadsklubb, Gamlestan, G\u00f6teborg<\/p>\n<h4>2014<\/h4>\n<p><strong>30 mars<\/strong>\u00a0<strong>\u00c5rsm\u00f6te<\/strong>. Bengt T\u00f6rnqvist: Bilder fr\u00e5n den p\u00e5g\u00e5ende utst\u00e4llningen om Karl Nordstr\u00f6m p\u00e5 Prins Eugens Waldemarsudde och f\u00f6redrag \u00f6ver temat &#8221;Konsten i samh\u00e4llet&#8221;<br \/><strong>11 juli<\/strong>. <strong>Karl Nordstr\u00f6ms-dagen<\/strong> p\u00e5 Billstr\u00f6mska. Karin Sid\u00e9n: &#8221;Konstn\u00e4rernas konstn\u00e4r&#8221; och Staffan Redins film om Karl Nordstr\u00f6m fr\u00e5n v\u00e5rens utst\u00e4llning p\u00e5 Waldemarsudde<br \/><strong>1 oktober<\/strong> Biblioteket i Sk\u00e4rhamn. Bengt T\u00f6rnqvist: &#8221;Tj\u00f6rnm\u00e5laren som gick sin egen v\u00e4g&#8221;<\/p>\n<h4>2015<\/h4>\n<p><strong>22 februari<\/strong>\u00a0<strong>\u00c5rsm\u00f6te<\/strong>. Staffan Hildemar om FKN:s hemsida www.fkn.se och Bengt T\u00f6rnqvist om &#8221;Baltiska speglingar&#8221; vid Malm\u00f6 konstmuseum<br \/><strong>11 april Resa<\/strong><strong>\u00a0<\/strong>till Malm\u00f6 konstmuseum: &#8221;Baltiska speglingar&#8221;<br \/><strong>11 juli<\/strong> <strong>Karl Nordstr\u00f6ms-dagen<\/strong> p\u00e5 Billstr\u00f6mska. \u00c5sa Axberg om Karl Nordstr\u00f6m och Konstn\u00e4rskolonin Varbergsskolan<\/p>\n<h4><strong>2016<\/strong><\/h4>\n<p><strong>10 april \u00c5rsm\u00f6te<\/strong>. Bengt T\u00f6rnqvist om &#8221;Karl Nordstr\u00f6m och H\u00e4r\u00f6n&#8221;<br \/><strong>23 maj\u00a0<\/strong>Bes\u00f6k p\u00e5 R\u00e5dhuset vid Gustaf Adolfs torg i G\u00f6teborg<br \/><strong>16 juli<\/strong> <strong>Karl Nordstr\u00f6ms-dagen<\/strong> p\u00e5 Billstr\u00f6mska. Ida Gudmundsson om Karl Nordstr\u00f6m och den F\u00fcrstenbergska donationen<br \/><strong>11 november<\/strong> G\u00f6teborgs konstmuseum: Guidning av Ida Gudmunsson om Karl Nordstr\u00f6m och hans samtida konstn\u00e4rskamrater med konstverk ur museets samlingar<\/p>\n<h4><strong>2017<\/strong><\/h4>\n<p><strong>23 april \u00c5rsm\u00f6te.<\/strong>\u00a0F\u00f6redrag av Ida Gudmundsson om &#8221;Symbolistiska landskap\u00a0<strong>\u00a0<\/strong>i Karl Nordstr\u00f6ms konstn\u00e4rsskap.<br \/><strong>11 juli Karl Nordstr\u00f6ms-dagen\u00a0<\/strong>p\u00e5 Billstr\u00f6mska. Christer Blomqvist, f\u00f6rel\u00e4sning om &#8221;Claude Monet, den f\u00f6rste\u00a0 impressionisten&#8221;.<br \/><strong>25 oktober <\/strong>Bes\u00f6k p\u00e5 G\u00f6teborgs konstmuseum, visning av museets samling av impressionister av konstpedagog Johannes Nordholm.<\/p>\n<h4><strong>2018<\/strong><\/h4>\n<p><strong>3 februari<\/strong> Hotell Eggers, G\u00f6teborg. Presentation av\u00a0<strong>Konstn\u00e4rsf\u00f6rbundet<\/strong>, vilket konstituerades i Anders Zorns rum p\u00e5 d\u00e5varande hotell Christiania 1886 och i vilket Karl Nordstr\u00f6m var en drivande kraft. Presentation av hotellets historia av hotelldirekt\u00f6r Jessica Vialleton. Rundvandring. Gemensam lunch i restaurangen.<br \/><strong>8 april<\/strong> \u00c5rsm\u00f6te. N\u00e5gra personliga reflexioner om Karl Nordstr\u00f6m: Anita Sindler om konstn\u00e4rens h\u00e4rstamning; Staffan Hildemar om oljem\u00e5lningen Stilleben (1884) till\u00e4gnad Olga Bj\u00f6rkengren, om Klas F\u00e5hraeus och om Nordstr\u00f6ms v\u00e4nskap med August Strindberg.<br \/><strong>11 juli<\/strong> <strong>Karl Nordstr\u00f6ms-dagen <\/strong>p\u00e5 Billstr\u00f6mska. Alf Elmberg, Personliga reflexioner om Karl Nordstr\u00f6m. Visning av TV2-filmen &#8221;De lyckliga \u00e5ren&#8221; fr\u00e5n 1990-talet.<br \/><strong>1 augusti <\/strong>Promenad p\u00e5 H\u00e4r\u00f6n. Guide: Laila Mathiasson. \u00c5sl\u00f6g Dahl: &#8221;V\u00e4xtlighet och flora&#8221; sedan Karl Nordstr\u00f6ms tid.<br \/><strong>1 december<\/strong>, G\u00f6teborgs konstmuseum, utst\u00e4llningen &#8221;Mloda Polska: Sekelskifteskonst fr\u00e5n Polen&#8221;. Guide: Konstpedagog Johannes Nordholm.<\/p>\n<h4><strong>2019<\/strong><\/h4>\n<p><strong>23 mars<\/strong> R\u00f6hsska museet, G\u00f6teborg, utst\u00e4llningen &#8221;Inspiration \u00d6stasien&#8221;<br \/><strong>28 april<\/strong> \u00c5rsm\u00f6te. Rundvandring i folkh\u00f6gskolans tr\u00e4dg\u00e5rd och lokaler, visning av skulpturer, konstverk och tavlor. Jan-Evert Halldin<br \/><strong>11 juli Karl Nordstr\u00f6ms-dagen<\/strong> Kl\u00f6vedals f\u00f6rsamlingshem. F\u00f6redrag av Alf Elmberg. Nils Ch\u00f6ler om TV2-filmen\u00a0fr\u00e5n 1990-talet om konstn\u00e4rskolonin i Grez-sur-Loing p\u00e5 1880-talet. Visning av filmen &#8221;De lyckliga \u00e5ren&#8221; 3. Musikunderh\u00e5llning av Ingmari Romell och Ann-Catrin Persson<br \/><strong>1 augusti<\/strong> Promenad mellan S\u00e4byg\u00e5rden och familjen Nordstr\u00f6ms bostad i Hoga. Anders Littke om familjen Nordstr\u00f6m<br \/><strong>16 november<\/strong> H\u00f6stm\u00f6te p\u00e5 G\u00f6teborgs stadsmuseum, utst\u00e4llningen &#8221;G\u00f6teborgs garderob&#8221;<\/p>\n<h4><strong>2020<\/strong><\/h4>\n<p><strong>8 februari<\/strong> G\u00f6teborgs konstmuseums utst\u00e4llning &#8221;Fr\u00e5n guld\u00e5lder till Hammersh\u00f8j&#8221;<br \/><strong>1 juli<\/strong> Karl Nordstr\u00f6ms-dagen firades inte p\u00e5 grund av pandemin<br \/><strong>19 september<\/strong> \u00c5rsm\u00f6te M\u00f6tet h\u00f6lls i Billstr\u00f6mska Folkh\u00f6gskolans matsal.<\/p>\n<h4><strong>2021<\/strong><\/h4>\n<p><strong>30 Juni<\/strong> Promenad upp till Sankt Olovs valar<br \/><strong>11 Juli<\/strong> Karl Nordstr\u00f6ms-dagen p\u00e5 Billstr\u00f6mska folkh\u00f6gskolan<br \/><strong>4 augusti<\/strong> Bes\u00f6k i Karl Nordstr\u00f6ms barndomshem i Hoga<br \/><strong>26 september<\/strong> \u00c5rsm\u00f6te p\u00e5 Billstr\u00f6mska folkh\u00f6gskolan d\u00e4r f\u00f6reningen firade 30 \u00e5r.<\/p>\n<h4><strong>2022<\/strong><\/h4>\n<p><strong>26 mars<\/strong> F\u00f6rel\u00e4sning av Johannes Norholm i Tyftsalen om &#8221;Konst och psykiskt lidande fr\u00e5n Orfeusmyten till Lillhagen&#8221;<br \/><strong>24 april<\/strong> \u00c5rsm\u00f6te p\u00e5 Billstr\u00f6mska folkh\u00f6gskolan<br \/><strong>11 juli<\/strong> Karl Nordstr\u00f6ms-dagen firades p\u00e5 Billstr\u00f6mska d\u00e4r \u00c5sa Axborg f\u00f6rel\u00e4ste om konstn\u00e4rskolonin Varbergsskolan<br \/><strong>4 augusti<\/strong> Vandring p\u00e5 Lyr i Karl Nordstr\u00f6ms fotsp\u00e5r<br \/><strong>11 september<\/strong> Deltagande p\u00e5 Kulturarvsdagen p\u00e5 Sundsby s\u00e4teri<br \/><strong>18 november<\/strong> G\u00f6teborgs konstmuseums utst\u00e4llning &#8221;Modernt konstn\u00e4rsliv i sekelskiftets Europa&#8221; med guidning av Johannes Nordholm<\/p>\n<h4><strong>2023<\/strong><\/h4>\n<p><strong>3 februari<\/strong> bes\u00f6k p\u00e5 Hotell Eggers i G\u00f6teborg<br \/><strong>25 mars<\/strong> \u00e5rsm\u00f6te p\u00e5 Billstr\u00f6mska folkh\u00f6gskolan<br \/><strong>11 Juli<\/strong> Karl Nordstr\u00f6ms-dagen p\u00e5 Billstr\u00f6mska folkh\u00f6gskolan d\u00e4r Bera Nordal h\u00f6ll en f\u00f6rel\u00e4sning om den roll som\u00a0 Karl Nordstr\u00f6m spelat f\u00f6r konsten.<br \/><strong>16 augusti<\/strong> till minne av att det var 100 \u00e5r sedan Karl Nordstr\u00f6ms bortg\u00e5ng uppm\u00e4rksammades p\u00e5 restaurang Magasinet p\u00e5 H\u00e4r\u00f6n d\u00e4r Leif Lachonius bj\u00f6d p\u00e5 sina kunskaper om Karl.<br \/><strong>10 september <\/strong>Kulturarvsdagen f\u00f6revisning av konsten p\u00e5 Billstr\u00f6mska folkh\u00f6gskolan.<br \/><strong>25 november <\/strong>G\u00f6teborgs Konstmuseum utst\u00e4llningen &#8221;Den underbara f\u00e4rgen. G\u00f6teborgs kolorismen i nytt ljus&#8221;<\/p>\n<h4><strong>2024<\/strong><\/h4>\n<p><strong>24 februari <\/strong>Invigning av Karl Nordstr\u00f6ms-rummet p\u00e5 Billstr\u00f6mska Folkh\u00f6gskolan.<br \/><strong>24 mars <\/strong>\u00c5rsm\u00f6te Billstr\u00f6mska Folkh\u00f6gskolan<br \/><strong>5 maj <\/strong>Invigning av utst\u00e4llning &#8221;Tekla Nordstr\u00f6m&#8221; p\u00e5 Ti Amo i Stenungsund.<br \/><strong>26 maj <\/strong>Invigning utst\u00e4llningen &#8221;Karl Nordstr\u00f6m&#8221; Ti Amo Stenungsund.<br \/><strong>11 juli <\/strong>Karl Nordstr\u00f6ms-dagen Billstr\u00f6mska Folkh\u00f6gskolan.<\/p>\n<h4>2025<\/h4>\n<p><strong>8 mars <\/strong>G\u00f6teborgs Konstmuseum och utst\u00e4llningen &#8221;Apokalyps fr\u00e5n yttersta domen till klimathot.<br \/><strong>16 mars<\/strong>\u00c5rsm\u00f6te Billstr\u00f6mska Folkh\u00f6gskolan<br \/><strong>11 juli <\/strong>Karl Nordstr\u00f6ms-dagen Billstr\u00f6mska Folkh\u00f6gskolan.<\/p>\n<h4>1991<\/h4>\n<p><strong>21-22 september\u00a0<\/strong>Stockholm<\/p>\n<h4>1992<\/h4>\n<p><strong>22-23 september <\/strong>Norrk\u00f6ping och Stockholm<\/p>\n<h4>1993<\/h4>\n<p><strong>14-23 maj<\/strong>\u00a0Frankrike: Paris och Gr\u00e8z-sur-Loing<\/p>\n<h4>1994<\/h4>\n<p><strong>12-14 maj<\/strong>\u00a0Sundborn och Mora m fl platser<\/p>\n<h4>1995<\/h4>\n<p><strong>20 maj<\/strong> J\u00f6nk\u00f6ping l\u00e4ns museum och Ellen Keys Strand<\/p>\n<h4>1996<\/h4>\n<p><strong>27-29 september<\/strong>\u00a0Norrk\u00f6pings konstmuseum: &#8221;Par i konsten&#8221; och Stockholm med\u00a0bes\u00f6k p\u00e5 Karl Nordstr\u00f6ms grav p\u00e5 Norra kyrkog\u00e5rden<\/p>\n<h4>1997<\/h4>\n<p><strong>2-11 maj<\/strong>\u00a0Frankrike: Gr\u00e8z-sur-Loing m fl platser<\/p>\n<h4>1998<\/h4>\n<p><strong>28-29 mars<\/strong>\u00a0K\u00f6penhamn<br \/><strong>18-20 september<\/strong> V\u00e4rmland och Norge<\/p>\n<h4>1999<\/h4>\n<p>V\u00e4rmland<\/p>\n<h4>2001<\/h4>\n<p><strong>20 okt<\/strong>\u00a0Dalslands museum, Upperud: &#8221;Karl Nordstr\u00f6msutst\u00e4llningen&#8221;<\/p>\n<h4>2002<\/h4>\n<p><strong>5-6 oktober<\/strong>\u00a0Norrk\u00f6ping och Stockholm: &#8221;Impressionismen\u00a0och Norden&#8221;<\/p>\n<h4>2003<\/h4>\n<p><strong>27 september<\/strong>\u00a0Dalslands museum, Upperud: &#8221;Prins Eugens\u00a0M\u00e5leri&#8221;<\/p>\n<h4>2004<\/h4>\n<p><strong>28 augusti<\/strong>\u00a0Varbergs museum och Apelviken<\/p>\n<h4>2005<\/h4>\n<p><strong>3 sept<\/strong>\u00a0Gullholmens konstmuseum<\/p>\n<h4>2006<\/h4>\n<p><strong>22-23 april<\/strong>\u00a0V\u00e4rmland, Sahlstr\u00f6msg\u00e5rden, Utterbyn<\/p>\n<h4>2007<\/h4>\n<p><strong>10 mars<\/strong>\u00a0 Oslo: &#8221;Nordiskt landskapsm\u00e5leri 1840-1910&#8221;<\/p>\n<h4>2008<\/h4>\n<p><strong>31 maj<\/strong>\u00a0Lousiana: &#8221;C\u00e9zanne och Giacometti&#8221; samt Ordrupsgaard<\/p>\n<h4>2009<\/h4>\n<p><strong>16 maj<\/strong>\u00a0J\u00f6nk\u00f6pings l\u00e4ns museum: Georg och Hanna Pauli konstsamling\u00a0samt John Bauer-utst\u00e4llningen<\/p>\n<h4>2010<\/h4>\n<p><strong>13 mars<\/strong>\u00a0Bohusl\u00e4ns museum: &#8221;Carl Wilhelmssons-utst\u00e4llningen&#8221;<\/p>\n<h4>2012<\/h4>\n<p><strong>31 mars<\/strong>\u00a0Malm\u00f6 konstmuseum: &#8221;Karl Fredrik Hill&#8221;<\/p>\n<h4>2013<\/h4>\n<p><strong>2 februari<\/strong>\u00a0Bohusl\u00e4ns museum: Konstverk av \u00a0Ragnar Ljungman<br \/><strong>15 augusti<\/strong>\u00a0Dalslands museum: Otto Hesselbom-utst\u00e4llning<\/p>\n<h4>2015<\/h4>\n<p><strong>11 april<\/strong>\u00a0Malm\u00f6 konstmuseum: &#8221;Baltiska speglingar&#8221;<\/p>\n<h4>2021<\/h4>\n<p><strong>2 november\u00a0<\/strong>dagsutflykt till D\u00e4r m\u00e5len var att bes\u00f6ka Julas Konsthotell, Skara domkyrka samt avsluta p\u00e5 Caf\u00e9 Nordpolen i Vara<\/p>\n<h4>2022<\/h4>\n<p><strong>14 maj<\/strong> Dagsresa till Gullholmens Konstmuseum<br \/><strong>21 september <\/strong>Dagsresa till Varberg och utst\u00e4llningen &#8221;Konstn\u00e4rskolonin Varbergsskolan&#8221; med guidning av \u00c5sa Axberg<\/p>\n<h4>2023<\/h4>\n<p><strong>6 maj <\/strong>Dagsresa till Oslo och bes\u00f6k p\u00e5 Nasjonalmus\u00e9et med guidning av Richard Klingspor<\/p>\n<h4>2024<\/h4>\n<p><strong>7 september<\/strong> Dagsresa till Rackstadmus\u00e9et och Kl\u00e4ssbols Linnev\u00e4veri<\/p>\n<h4>2025<\/h4>\n<p><strong>8 mars <\/strong>G\u00f6teborgs konstmuseum, utst\u00e4llningen, Apokalyps fr\u00e5n Yttersta domen till klimathot<\/p>\n<p><strong>8 november\u00a0<\/strong>G\u00f6teborgs stadsmuseum utst\u00e4llningen, Lillhagen i f\u00e4rg<\/p>\n\n\n<p><\/p>\n","protected":false},"excerpt":{"rendered":"<p>35 \u00e5r med FKN<\/p>\n","protected":false},"author":2,"featured_media":0,"parent":0,"menu_order":0,"comment_status":"closed","ping_status":"closed","template":"","meta":{"footnotes":""},"class_list":["post-45","page","type-page","status-publish","hentry"],"_links":{"self":[{"href":"https:\/\/fkn.se\/index.php\/wp-json\/wp\/v2\/pages\/45","targetHints":{"allow":["GET"]}}],"collection":[{"href":"https:\/\/fkn.se\/index.php\/wp-json\/wp\/v2\/pages"}],"about":[{"href":"https:\/\/fkn.se\/index.php\/wp-json\/wp\/v2\/types\/page"}],"author":[{"embeddable":true,"href":"https:\/\/fkn.se\/index.php\/wp-json\/wp\/v2\/users\/2"}],"replies":[{"embeddable":true,"href":"https:\/\/fkn.se\/index.php\/wp-json\/wp\/v2\/comments?post=45"}],"version-history":[{"count":224,"href":"https:\/\/fkn.se\/index.php\/wp-json\/wp\/v2\/pages\/45\/revisions"}],"predecessor-version":[{"id":4577,"href":"https:\/\/fkn.se\/index.php\/wp-json\/wp\/v2\/pages\/45\/revisions\/4577"}],"wp:attachment":[{"href":"https:\/\/fkn.se\/index.php\/wp-json\/wp\/v2\/media?parent=45"}],"curies":[{"name":"wp","href":"https:\/\/api.w.org\/{rel}","templated":true}]}}