{"id":3674,"date":"2021-10-02T14:34:02","date_gmt":"2021-10-02T12:34:02","guid":{"rendered":"https:\/\/fkn.se\/?page_id=3674"},"modified":"2021-10-03T14:21:47","modified_gmt":"2021-10-03T12:21:47","slug":"stala-kyrka","status":"publish","type":"page","link":"https:\/\/fkn.se\/index.php\/stala-kyrka\/","title":{"rendered":"Stala kyrka"},"content":{"rendered":"<p>I Stala kyrka p\u00e5 Orust, invigd 1877, finns Karl Nordstr\u00f6ms altartavla fr\u00e5n 1878. (F\u00f6r\u00e4ldrarna hade kommit till Tj\u00f6rn fr\u00e5n Toggestad p\u00e5 Orust i samband med att fadern, Anders Nordstr\u00f6m, f\u00e5tt tj\u00e4nst som kronol\u00e4nsman i Tj\u00f6rns h\u00e4rad och bosatt sig p\u00e5 Hoga p\u00e5 1850-talet.)<\/p>\n<p><a href=\"http:\/\/fkn.se\/aktiviteter\/stala-kyrka-exterior-3\/\" rel=\"attachment wp-att-2640\"><img loading=\"lazy\" decoding=\"async\" class=\"wp-image-2640 aligncenter\" src=\"http:\/\/fkn.se\/wp-content\/uploads\/2020\/01\/Stala-kyrka-exterior-1-1024x687.jpg\" alt=\"\" width=\"456\" height=\"306\" srcset=\"https:\/\/fkn.se\/wp-content\/uploads\/2020\/01\/Stala-kyrka-exterior-1-1024x687.jpg 1024w, https:\/\/fkn.se\/wp-content\/uploads\/2020\/01\/Stala-kyrka-exterior-1-300x201.jpg 300w, https:\/\/fkn.se\/wp-content\/uploads\/2020\/01\/Stala-kyrka-exterior-1-768x515.jpg 768w, https:\/\/fkn.se\/wp-content\/uploads\/2020\/01\/Stala-kyrka-exterior-1.jpg 1309w\" sizes=\"auto, (max-width: 456px) 100vw, 456px\" \/><\/a><\/p>\n<figure style=\"width: 1024px\" class=\"wp-caption aligncenter\"><img loading=\"lazy\" decoding=\"async\" src=\"http:\/\/fkn.se\/wp-content\/uploads\/2020\/02\/Stala-kyrka-interior-1024x738.jpg\" alt=\"\" width=\"1024\" height=\"738\" \/><figcaption class=\"wp-caption-text\">Stala kyrka, interi\u00f6r.<\/figcaption><\/figure>\n<figure id=\"attachment_2661\" aria-describedby=\"caption-attachment-2661\" style=\"width: 326px\" class=\"wp-caption aligncenter\"><a href=\"http:\/\/fkn.se\/aktiviteter\/stala-kyrka-altarmalning\/\" rel=\"attachment wp-att-2661\"><img loading=\"lazy\" decoding=\"async\" class=\"wp-image-2661 size-full\" src=\"https:\/\/fkn.se\/wp-content\/uploads\/2020\/02\/Stala-kyrka-altarmalning.jpg\" alt=\"\" width=\"326\" height=\"494\" srcset=\"https:\/\/fkn.se\/wp-content\/uploads\/2020\/02\/Stala-kyrka-altarmalning.jpg 326w, https:\/\/fkn.se\/wp-content\/uploads\/2020\/02\/Stala-kyrka-altarmalning-198x300.jpg 198w\" sizes=\"auto, (max-width: 326px) 100vw, 326px\" \/><\/a><figcaption id=\"caption-attachment-2661\" class=\"wp-caption-text\">Stala kyrka, altartavla 1878, m\u00e5lad av Karl Nordstr\u00f6m. Motiv: Jesus p\u00e5 f\u00f6rklaringberget.<\/figcaption><\/figure>\n<p>M\u00e5lningen kan j\u00e4mf\u00f6ras med den altartavla av Fredric Westin (1782-1862) som fanns i Jakobs kyrka, Stockholm, 1828-1892; numera i l\u00e5nghuset, s\u00f6dra sidoskeppet.<\/p>\n<figure style=\"width: 377px\" class=\"wp-caption aligncenter\"><img loading=\"lazy\" decoding=\"async\" src=\"http:\/\/fkn.se\/wp-content\/uploads\/2020\/02\/Jakobs-kyrka-altarbild-under-1800-talet.jpg\" alt=\"\" width=\"377\" height=\"489\" \/><figcaption class=\"wp-caption-text\">Fredric Westin. Altartavla i Jakos kyrka, Stockholm, 1828-1892.<\/figcaption><\/figure>\n<p>&nbsp;<\/p>\n<p>Kostnaderna f\u00f6r Nordstr\u00f6ms altartavla framg\u00e5r av Stala f\u00f6rsamlings kassabok f\u00f6r \u00e5r 1879: 410 kr.<\/p>\n<p><a href=\"http:\/\/fkn.se\/aktiviteter\/protokoll\/\" rel=\"attachment wp-att-2662\"><img loading=\"lazy\" decoding=\"async\" class=\"wp-image-2662 size-large\" src=\"http:\/\/fkn.se\/wp-content\/uploads\/2020\/02\/Protokoll-723x1024.jpg\" alt=\"\" width=\"660\" height=\"935\" srcset=\"https:\/\/fkn.se\/wp-content\/uploads\/2020\/02\/Protokoll-723x1024.jpg 723w, https:\/\/fkn.se\/wp-content\/uploads\/2020\/02\/Protokoll-212x300.jpg 212w, https:\/\/fkn.se\/wp-content\/uploads\/2020\/02\/Protokoll-768x1088.jpg 768w, https:\/\/fkn.se\/wp-content\/uploads\/2020\/02\/Protokoll.jpg 1192w\" sizes=\"auto, (max-width: 660px) 100vw, 660px\" \/><\/a><\/p>\n<p>&nbsp;<\/p>\n<p>I <span style=\"text-decoration: underline;\"><strong>TYFT\u00a0<\/strong>Tidskrift f\u00f6r Billstr\u00f6mska folkh\u00f6gskolans elevf\u00f6rbund<\/span> 2012\u00a0 heter det i samband med att en studiecirkel i kyrkohistoria bes\u00f6kt Stala Kyrka med &#8221;altartavlan m\u00e5lad av Karl Nordstr\u00f6m, 1878, 23 \u00e5r gammal. Tavlan visar Jesus p\u00e5 f\u00f6rklaringsberget. Allts\u00e5 det som ber\u00e4ttas om i Nya Testamentet av Matteus 17 v 1-8, Markus 9 v 1-13 och Lukas 9 v 28-36. Jesus samtalar d\u00e4r med Mose och Elia och med honom p\u00e5 f\u00f6rklaringsberget \u00e4r ocks\u00e5 Petrus, Jakob och Johannes.&#8221; (Olle Kjellstr\u00f6m, sid 11)<\/p>\n<p>&nbsp;<\/p>\n","protected":false},"excerpt":{"rendered":"<p>I Stala kyrka p\u00e5 Orust, invigd 1877, finns Karl Nordstr\u00f6ms altartavla fr\u00e5n 1878. (F\u00f6r\u00e4ldrarna hade kommit till Tj\u00f6rn fr\u00e5n Toggestad p\u00e5 Orust i samband med att fadern, Anders Nordstr\u00f6m, f\u00e5tt tj\u00e4nst som kronol\u00e4nsman i Tj\u00f6rns h\u00e4rad och bosatt sig p\u00e5 Hoga p\u00e5 1850-talet.) M\u00e5lningen kan j\u00e4mf\u00f6ras med den altartavla av Fredric Westin (1782-1862) som fanns &hellip; <a href=\"https:\/\/fkn.se\/index.php\/stala-kyrka\/\" class=\"more-link\">Forts\u00e4tt l\u00e4sa <span class=\"screen-reader-text\">Stala kyrka<\/span><\/a><\/p>\n","protected":false},"author":4,"featured_media":0,"parent":0,"menu_order":0,"comment_status":"closed","ping_status":"closed","template":"","meta":{"footnotes":""},"class_list":["post-3674","page","type-page","status-publish","hentry"],"_links":{"self":[{"href":"https:\/\/fkn.se\/index.php\/wp-json\/wp\/v2\/pages\/3674","targetHints":{"allow":["GET"]}}],"collection":[{"href":"https:\/\/fkn.se\/index.php\/wp-json\/wp\/v2\/pages"}],"about":[{"href":"https:\/\/fkn.se\/index.php\/wp-json\/wp\/v2\/types\/page"}],"author":[{"embeddable":true,"href":"https:\/\/fkn.se\/index.php\/wp-json\/wp\/v2\/users\/4"}],"replies":[{"embeddable":true,"href":"https:\/\/fkn.se\/index.php\/wp-json\/wp\/v2\/comments?post=3674"}],"version-history":[{"count":17,"href":"https:\/\/fkn.se\/index.php\/wp-json\/wp\/v2\/pages\/3674\/revisions"}],"predecessor-version":[{"id":3718,"href":"https:\/\/fkn.se\/index.php\/wp-json\/wp\/v2\/pages\/3674\/revisions\/3718"}],"wp:attachment":[{"href":"https:\/\/fkn.se\/index.php\/wp-json\/wp\/v2\/media?parent=3674"}],"curies":[{"name":"wp","href":"https:\/\/api.w.org\/{rel}","templated":true}]}}