{"id":3618,"date":"2021-10-01T14:36:47","date_gmt":"2021-10-01T12:36:47","guid":{"rendered":"https:\/\/fkn.se\/?page_id=3618"},"modified":"2021-10-06T18:34:12","modified_gmt":"2021-10-06T16:34:12","slug":"nordstroms-grav","status":"publish","type":"page","link":"https:\/\/fkn.se\/index.php\/nordstroms-grav\/","title":{"rendered":"Nordstr\u00f6ms grav"},"content":{"rendered":"<h4 style=\"text-align: center;\"><\/h4>\n<p>Karl Nordstr\u00f6m gick bort den 10 augusti 1923 och ligger begravd p\u00e5 Norra kyrkog\u00e5rden i Stockholm. Gravstenen \u00e4r formgiven av skulpt\u00f6ren Christian Eriksson (1858-1935), Karl Nordstr\u00f6ms konstn\u00e4rskamrat.<\/p>\n<p>Vid \u00e5rsm\u00f6tet 2015\u00a0 p\u00e5 Billstr\u00f6mska folkh\u00f6gskolan redogjordes f\u00f6r den reng\u00f6ring av gravstenen p\u00e5 kyrkog\u00e5rden i Stockholm, som f\u00f6reningen ombes\u00f6rjt och bekostat h\u00f6sten 2014. (Se <strong>TYFT<\/strong> <span style=\"text-decoration: underline;\">Tidskrift f\u00f6r Billstr\u00f6mska folkh\u00f6gskolans<\/span> <span style=\"text-decoration: underline;\">elevf\u00f6rbund<\/span> 2015, sid 23-24 &#8221;P\u00e5 spaning efter Karl Nordstr\u00f6ms grav&#8221;.)<\/p>\n<figure style=\"width: 640px\" class=\"wp-caption alignnone\"><img loading=\"lazy\" decoding=\"async\" src=\"http:\/\/fkn.se\/wp-content\/uploads\/2019\/03\/Gravsten-KN.jpg\" alt=\"\" width=\"640\" height=\"480\" \/><figcaption class=\"wp-caption-text\">Foto: Lisbeth Berntsson<\/figcaption><\/figure>\n<p>Ur Prins Eugens tal vid Karl Nordstr\u00f6ms grav den 21 augusti 1923:\u00a0 &#8221;<em>Han\u00a0<\/em><em>f\u00f6rde st\u00e4dse strid f\u00f6r morgondagens sanning mot dagens g\u00e4ngse \u00e5sk\u00e5dning och han fick uppleva att tiden gav honom r\u00e4tt. Det blev naturen, den st\u00e4ndigt sig f\u00f6rnyande naturen, som han \u00e4gnade all sin k\u00e4rlek, det var \u00e5t sin konst han offrade alla sina krafter.&#8221;<\/em><\/p>\n","protected":false},"excerpt":{"rendered":"<p>Karl Nordstr\u00f6m gick bort den 10 augusti 1923 och ligger begravd p\u00e5 Norra kyrkog\u00e5rden i Stockholm. Gravstenen \u00e4r formgiven av skulpt\u00f6ren Christian Eriksson (1858-1935), Karl Nordstr\u00f6ms konstn\u00e4rskamrat. Vid \u00e5rsm\u00f6tet 2015\u00a0 p\u00e5 Billstr\u00f6mska folkh\u00f6gskolan redogjordes f\u00f6r den reng\u00f6ring av gravstenen p\u00e5 kyrkog\u00e5rden i Stockholm, som f\u00f6reningen ombes\u00f6rjt och bekostat h\u00f6sten 2014. (Se TYFT Tidskrift f\u00f6r Billstr\u00f6mska &hellip; <a href=\"https:\/\/fkn.se\/index.php\/nordstroms-grav\/\" class=\"more-link\">Forts\u00e4tt l\u00e4sa <span class=\"screen-reader-text\">Nordstr\u00f6ms grav<\/span><\/a><\/p>\n","protected":false},"author":4,"featured_media":0,"parent":0,"menu_order":0,"comment_status":"closed","ping_status":"closed","template":"","meta":{"footnotes":""},"class_list":["post-3618","page","type-page","status-publish","hentry"],"_links":{"self":[{"href":"https:\/\/fkn.se\/index.php\/wp-json\/wp\/v2\/pages\/3618","targetHints":{"allow":["GET"]}}],"collection":[{"href":"https:\/\/fkn.se\/index.php\/wp-json\/wp\/v2\/pages"}],"about":[{"href":"https:\/\/fkn.se\/index.php\/wp-json\/wp\/v2\/types\/page"}],"author":[{"embeddable":true,"href":"https:\/\/fkn.se\/index.php\/wp-json\/wp\/v2\/users\/4"}],"replies":[{"embeddable":true,"href":"https:\/\/fkn.se\/index.php\/wp-json\/wp\/v2\/comments?post=3618"}],"version-history":[{"count":12,"href":"https:\/\/fkn.se\/index.php\/wp-json\/wp\/v2\/pages\/3618\/revisions"}],"predecessor-version":[{"id":3761,"href":"https:\/\/fkn.se\/index.php\/wp-json\/wp\/v2\/pages\/3618\/revisions\/3761"}],"wp:attachment":[{"href":"https:\/\/fkn.se\/index.php\/wp-json\/wp\/v2\/media?parent=3618"}],"curies":[{"name":"wp","href":"https:\/\/api.w.org\/{rel}","templated":true}]}}