{"id":2401,"date":"2020-01-09T14:33:12","date_gmt":"2020-01-09T13:33:12","guid":{"rendered":"http:\/\/fkn2.elji.info\/?page_id=2401"},"modified":"2020-09-15T16:33:11","modified_gmt":"2020-09-15T14:33:11","slug":"sixten-strombom-om-karl-nordstrom","status":"publish","type":"page","link":"https:\/\/fkn.se\/index.php\/sixten-strombom-om-karl-nordstrom\/","title":{"rendered":"Sixten Str\u00f6mbom om Karl Nordstr\u00f6m"},"content":{"rendered":"<p><a href=\"http:\/\/fkn.se\/sixten-strombom-om-karl-nordstrom\/s-strombom-2\/\" rel=\"attachment wp-att-2495\">Inledning till Katalog \u00f6ver minnesutst\u00e4llningen p\u00e5 Billstr\u00f6mska folkh\u00f6gskolan 17-31 juli 1955 av Sixten Str\u00f6mbom (1888-1983), intendent vid Nationalmuseum och professor i konsthistoria. <\/a><\/p>\n<p><a href=\"http:\/\/fkn.se\/sixten-strombom-om-karl-nordstrom\/strombom-3\/\" rel=\"attachment wp-att-3095\"><img loading=\"lazy\" decoding=\"async\" class=\"alignnone size-large wp-image-3095\" src=\"http:\/\/fkn.se\/wp-content\/uploads\/2020\/09\/Strombom-3-767x1024.jpg\" alt=\"\" width=\"660\" height=\"881\" srcset=\"https:\/\/fkn.se\/wp-content\/uploads\/2020\/09\/Strombom-3-767x1024.jpg 767w, https:\/\/fkn.se\/wp-content\/uploads\/2020\/09\/Strombom-3-225x300.jpg 225w, https:\/\/fkn.se\/wp-content\/uploads\/2020\/09\/Strombom-3-768x1025.jpg 768w, https:\/\/fkn.se\/wp-content\/uploads\/2020\/09\/Strombom-3.jpg 824w\" sizes=\"auto, (max-width: 660px) 100vw, 660px\" \/><\/a><a href=\"http:\/\/fkn.se\/sixten-strombom-om-karl-nordstrom\/strombom-4\/\" rel=\"attachment wp-att-3097\"><img loading=\"lazy\" decoding=\"async\" class=\"alignnone size-large wp-image-3097\" src=\"http:\/\/fkn.se\/wp-content\/uploads\/2020\/09\/Strombom-4-597x1024.jpg\" alt=\"\" width=\"597\" height=\"1024\" srcset=\"https:\/\/fkn.se\/wp-content\/uploads\/2020\/09\/Strombom-4-597x1024.jpg 597w, https:\/\/fkn.se\/wp-content\/uploads\/2020\/09\/Strombom-4-175x300.jpg 175w, https:\/\/fkn.se\/wp-content\/uploads\/2020\/09\/Strombom-4.jpg 766w\" sizes=\"auto, (max-width: 597px) 100vw, 597px\" \/><\/a><\/p>\n<p><a href=\"http:\/\/fkn.se\/sixten-strombom-om-karl-nordstrom\/strombom-5\/\" rel=\"attachment wp-att-3100\"><img loading=\"lazy\" decoding=\"async\" class=\"alignnone size-large wp-image-3100\" src=\"http:\/\/fkn.se\/wp-content\/uploads\/2020\/09\/Strombom-5-615x1024.jpg\" alt=\"\" width=\"615\" height=\"1024\" srcset=\"https:\/\/fkn.se\/wp-content\/uploads\/2020\/09\/Strombom-5-615x1024.jpg 615w, https:\/\/fkn.se\/wp-content\/uploads\/2020\/09\/Strombom-5-180x300.jpg 180w, https:\/\/fkn.se\/wp-content\/uploads\/2020\/09\/Strombom-5-768x1279.jpg 768w, https:\/\/fkn.se\/wp-content\/uploads\/2020\/09\/Strombom-5.jpg 796w\" sizes=\"auto, (max-width: 615px) 100vw, 615px\" \/><\/a><\/p>\n<p><a href=\"http:\/\/fkn.se\/sixten-strombom-om-karl-nordstrom\/strombom-6\/\" rel=\"attachment wp-att-3104\"><img loading=\"lazy\" decoding=\"async\" class=\"alignnone size-large wp-image-3104\" src=\"http:\/\/fkn.se\/wp-content\/uploads\/2020\/09\/Strombom-6-603x1024.jpg\" alt=\"\" width=\"603\" height=\"1024\" srcset=\"https:\/\/fkn.se\/wp-content\/uploads\/2020\/09\/Strombom-6-603x1024.jpg 603w, https:\/\/fkn.se\/wp-content\/uploads\/2020\/09\/Strombom-6-177x300.jpg 177w, https:\/\/fkn.se\/wp-content\/uploads\/2020\/09\/Strombom-6-768x1304.jpg 768w, https:\/\/fkn.se\/wp-content\/uploads\/2020\/09\/Strombom-6.jpg 780w\" sizes=\"auto, (max-width: 603px) 100vw, 603px\" \/><\/a><\/p>\n<p><a href=\"http:\/\/fkn.se\/sixten-strombom-om-karl-nordstrom\/strombom-7\/\" rel=\"attachment wp-att-3106\"><img loading=\"lazy\" decoding=\"async\" class=\"alignnone size-large wp-image-3106\" src=\"http:\/\/fkn.se\/wp-content\/uploads\/2020\/09\/Strombom-7-618x1024.jpg\" alt=\"\" width=\"618\" height=\"1024\" srcset=\"https:\/\/fkn.se\/wp-content\/uploads\/2020\/09\/Strombom-7-618x1024.jpg 618w, https:\/\/fkn.se\/wp-content\/uploads\/2020\/09\/Strombom-7-181x300.jpg 181w, https:\/\/fkn.se\/wp-content\/uploads\/2020\/09\/Strombom-7-768x1272.jpg 768w, https:\/\/fkn.se\/wp-content\/uploads\/2020\/09\/Strombom-7.jpg 794w\" sizes=\"auto, (max-width: 618px) 100vw, 618px\" \/><\/a><\/p>\n<p><a href=\"http:\/\/fkn.se\/sixten-strombom-om-karl-nordstrom\/strombom-8-2\/\" rel=\"attachment wp-att-3113\"><img loading=\"lazy\" decoding=\"async\" class=\"alignnone size-large wp-image-3113\" src=\"http:\/\/fkn.se\/wp-content\/uploads\/2020\/09\/Strombom-8-1-611x1024.jpg\" alt=\"\" width=\"611\" height=\"1024\" srcset=\"https:\/\/fkn.se\/wp-content\/uploads\/2020\/09\/Strombom-8-1-611x1024.jpg 611w, https:\/\/fkn.se\/wp-content\/uploads\/2020\/09\/Strombom-8-1-179x300.jpg 179w, https:\/\/fkn.se\/wp-content\/uploads\/2020\/09\/Strombom-8-1-768x1287.jpg 768w, https:\/\/fkn.se\/wp-content\/uploads\/2020\/09\/Strombom-8-1.jpg 777w\" sizes=\"auto, (max-width: 611px) 100vw, 611px\" \/><\/a><\/p>\n<p><a href=\"http:\/\/fkn.se\/sixten-strombom-om-karl-nordstrom\/strombom-9\/\" rel=\"attachment wp-att-3112\"><img loading=\"lazy\" decoding=\"async\" class=\"alignnone size-large wp-image-3112\" src=\"http:\/\/fkn.se\/wp-content\/uploads\/2020\/09\/Strombom-9-611x1024.jpg\" alt=\"\" width=\"611\" height=\"1024\" srcset=\"https:\/\/fkn.se\/wp-content\/uploads\/2020\/09\/Strombom-9-611x1024.jpg 611w, https:\/\/fkn.se\/wp-content\/uploads\/2020\/09\/Strombom-9-179x300.jpg 179w, https:\/\/fkn.se\/wp-content\/uploads\/2020\/09\/Strombom-9-768x1286.jpg 768w, https:\/\/fkn.se\/wp-content\/uploads\/2020\/09\/Strombom-9.jpg 799w\" sizes=\"auto, (max-width: 611px) 100vw, 611px\" \/><\/a><\/p>\n","protected":false},"excerpt":{"rendered":"<p>Inledning till Katalog \u00f6ver minnesutst\u00e4llningen p\u00e5 Billstr\u00f6mska folkh\u00f6gskolan 17-31 juli 1955 av Sixten Str\u00f6mbom (1888-1983), intendent vid Nationalmuseum och professor i konsthistoria.<\/p>\n","protected":false},"author":4,"featured_media":0,"parent":0,"menu_order":0,"comment_status":"closed","ping_status":"closed","template":"","meta":{"footnotes":""},"class_list":["post-2401","page","type-page","status-publish","hentry"],"_links":{"self":[{"href":"https:\/\/fkn.se\/index.php\/wp-json\/wp\/v2\/pages\/2401","targetHints":{"allow":["GET"]}}],"collection":[{"href":"https:\/\/fkn.se\/index.php\/wp-json\/wp\/v2\/pages"}],"about":[{"href":"https:\/\/fkn.se\/index.php\/wp-json\/wp\/v2\/types\/page"}],"author":[{"embeddable":true,"href":"https:\/\/fkn.se\/index.php\/wp-json\/wp\/v2\/users\/4"}],"replies":[{"embeddable":true,"href":"https:\/\/fkn.se\/index.php\/wp-json\/wp\/v2\/comments?post=2401"}],"version-history":[{"count":16,"href":"https:\/\/fkn.se\/index.php\/wp-json\/wp\/v2\/pages\/2401\/revisions"}],"predecessor-version":[{"id":3114,"href":"https:\/\/fkn.se\/index.php\/wp-json\/wp\/v2\/pages\/2401\/revisions\/3114"}],"wp:attachment":[{"href":"https:\/\/fkn.se\/index.php\/wp-json\/wp\/v2\/media?parent=2401"}],"curies":[{"name":"wp","href":"https:\/\/api.w.org\/{rel}","templated":true}]}}