{"id":2181,"date":"2019-04-05T16:49:58","date_gmt":"2019-04-05T14:49:58","guid":{"rendered":"http:\/\/fkn2.elji.info\/?page_id=2181"},"modified":"2021-09-01T11:27:22","modified_gmt":"2021-09-01T09:27:22","slug":"japonism-2","status":"publish","type":"page","link":"https:\/\/fkn.se\/index.php\/japonism-2\/","title":{"rendered":"Stilleben 1884"},"content":{"rendered":"<figure id=\"attachment_2093\" aria-describedby=\"caption-attachment-2093\" style=\"width: 660px\" class=\"wp-caption alignnone\"><a href=\"http:\/\/fkn.se\/stilleben-1884__trashed\/stilleben-4\/\" rel=\"attachment wp-att-2093\"><img loading=\"lazy\" decoding=\"async\" class=\"wp-image-2093 size-large\" src=\"http:\/\/fkn.se\/wp-content\/uploads\/2019\/03\/Stilleben-682x1024.jpg\" alt=\"\" width=\"660\" height=\"991\" srcset=\"https:\/\/fkn.se\/wp-content\/uploads\/2019\/03\/Stilleben-682x1024.jpg 682w, https:\/\/fkn.se\/wp-content\/uploads\/2019\/03\/Stilleben-200x300.jpg 200w, https:\/\/fkn.se\/wp-content\/uploads\/2019\/03\/Stilleben-768x1154.jpg 768w, https:\/\/fkn.se\/wp-content\/uploads\/2019\/03\/Stilleben.jpg 1322w\" sizes=\"auto, (max-width: 660px) 100vw, 660px\" \/><\/a><figcaption id=\"caption-attachment-2093\" class=\"wp-caption-text\">Blomstilleben &#8217;\u00e0 la japonaise&#8217;<\/figcaption><\/figure>\n<p>&nbsp;<\/p>\n<p>PROVENIENS<br \/>\nG\u00e5va av konstn\u00e4ren 1884 till sk\u00e5despelerskan och operas\u00e5ngerskan Olga Bj\u00f6rkengren (1857-1950), gift F\u00e5hr\u00e6us, H\u00f6keberga g\u00e5rd, Liding\u00f6; d\u00e4refter i arv inom familjen till 2016.<br \/>\nUtropspris: 200 000-300 000 SEK<br \/>\nKlubbat: 320 000 SKR<\/p>\n<p>Fr\u00e5n <strong>Stockholms Auktionsverks<\/strong> hemsida. (Litteraturreferens: Claire Leray,\u00a0 <span style=\"text-decoration: underline;\">Artistes du bout du monde \u00e0 Grez sur Loing depuis 1860, &#8221;La Colonie<\/span> <span style=\"text-decoration: underline;\">Scandinavie<\/span>&#8221;.\u00a0 2017):<\/p>\n<p>&#8221;Denna m\u00e4sterliga m\u00e5lning utg\u00f6r det enda k\u00e4nda stillebenet av Karl Nordstr\u00f6m m\u00e5lat i olja under hans vistelse i Frankrike 1882-87.<\/p>\n<p>M\u00e5lningen kan betraktas som en slags hommage till japansk kultur och utg\u00f6r det fr\u00e4msta k\u00e4nda exemplet p\u00e5 det japanska inflytandet i svensk konst under andra h\u00e4lften av 1800-talet, i motivval s\u00e5v\u00e4l som i komposition. Japan var ett st\u00e4ngt samh\u00e4lle fr\u00e5n 1600 till 1854, d\u00e5 USA undertecknade ett handelsf\u00f6rdrag med Japan. Det japanske rikets \u00f6ppnande ledde till att b\u00e5de \u00f6st och v\u00e4st b\u00f6rjade ut\u00f6va stark p\u00e5verkan p\u00e5 varandra. En vurm f\u00f6r allt japanskt svepte genom Europa, p\u00e5 franska k\u00e4nd som &#8217;Japonisme&#8217; och var som st\u00f6rst i Frankrike under 1880- och 1890-talet. Den japanska konstens uppfattning av perspektiv skilde sig radikalt fr\u00e5n den europeiska\u00a0 och kom att revolutionera den europeiska konsten. Det \u00e4r knappast n\u00e5gon \u00f6verdrift att p\u00e5st\u00e5 att den dramatiska utveckling europeisk konst genomgick under denna period, hade sett radikalt annorlunda ut utan insikt om japansk konst och kultur.<\/p>\n<p>Nordstr\u00f6m har i denna m\u00e5lning p\u00e5 ett raffinerat vis blandat en traditionell europeisk uppfattning om perspektiv med \u00f6sterl\u00e4ndsk. Bordets framtr\u00e4dande lutning och den odefinierade bakgrunden \u00e5terg\u00e5r p\u00e5 japansk uppfattning\u00a0 om perspektiv medan skildringen av f\u00f6rem\u00e5len p\u00e5 bordet \u00e4r baserad p\u00e5 en traditionell europeisk uppfattning. Vasen \u00e4r en s.k. Kakiemon-vas, vilken b\u00f6rjade produceras i Arita under mitten av 1600-talet och buketten \u00e4r arrangerad p\u00e5 basis av den traditionella japanska konsten att arrangera blommor, s.k. &#8217;ikebana&#8217;. D\u00e4r v\u00e4sterl\u00e4ndska florister i m\u00e5nga fall l\u00e4gger tyngdpunkten p\u00e5 det dekorativa i m\u00e4ngden blommor, enhetliga f\u00e4rger och blommornas sk\u00f6nhet i arrangemanget, v\u00e4ljer ut\u00f6vare av &#8217;ikebana&#8217; att i h\u00f6g grad arbeta med f\u00e4rgkombinationer, vackra, rena och det estetiska samspelet mellan vas, blommor, blad och stj\u00e4lkar. Denna &#8217;korsbefruktning&#8217; i m\u00e5lningen av tv\u00e5 vitt skilda kulturer skapar en stark sp\u00e4nning i bilden.<\/p>\n<p>M\u00e5lningen tillkom under Nordstr\u00f6ms andra vistelse i Grez sommaren 1884 till v\u00e5ren 1886. Nordstr\u00f6m tr\u00e4ffade i Grez sin blivande hustru, xylografen Thekla Lindestr\u00f6m (1856-1937), med vilken han f\u00f6rlovade sig 1885 och gifte sig 1886. M\u00f6tet med henne kom att f\u00f6r\u00e4ndra hans m\u00e5leri. Sixten Str\u00f6mbom skriver i Konstn\u00e4rsf\u00f6rbundets historia, Vol. I (1945), sid 211: &#8217;Den lycka deras f\u00f6rening sk\u00e4nkte honom, kom ocks\u00e5 till uttryck i hans m\u00e5leri. Sommarens idylliska pasteller och oljem\u00e5lningar &#8211; med och utan f\u00e4stm\u00f6ns bild &#8211; str\u00e5la av \u00f6mhet och mjuk f\u00e4rgrikedom. Vad som tidigare i hans konst kunnat framtr\u00e4da med vass intensitet, har i dessa f\u00f6r\u00e4lskelsens verk n\u00e5tt uttryckets lugna r\u00e5ga.&#8217;<\/p>\n<p>M\u00e5lningen \u00e4r dedicerad till den k\u00e4nda sk\u00e5despelerskan och operas\u00e5ngerskan Olga Bj\u00f6rkengren (1857-1950), vilken f\u00f6rsta g\u00e5ngen bes\u00f6kte Grez i samband med de svenska konstn\u00e4rernas omtalade jul- och ny\u00e5rsfirande i Grez 1883-4.&#8221; &#8211; &#8211; &#8211;<br \/>\nSe <strong>Konstn\u00e4rskolonin i Gr\u00e8z <\/strong>(1993), redigerad av Bo Lunvall, sid 83-87.<\/p>\n<p>&#8221;Dateringen p\u00e5 m\u00e5lningen, november 1884, visar att Bj\u00f6rkengren \u00e4ven bes\u00f6kte Grez f\u00f6ljande vinter. Hon gifte sig 1887 med f\u00f6rfattaren och skriftst\u00e4llaren Klas F\u00e5hr\u00e6us (1863-1944). Han bes\u00f6kte Grez 1886 i avsikt att tr\u00e4ffa August Strindberg som d\u00e5 vistades d\u00e4r. I kraft av sin f\u00f6rm\u00f6genhet kom han en tid att bli Nordstr\u00f6ms mecenat. I likhet med Strindberg bodde F\u00e5hraeus p\u00e5 H\u00f4tel Laurent i vars tr\u00e4dg\u00e5rd Nordstr\u00f6m m\u00e5lade sitt k\u00e4nda portr\u00e4tt av F\u00e5hraeus (Bonniers portr\u00e4ttsamling, Nedre Manilla). Nordstr\u00f6m sj\u00e4lv bodde p\u00e5 H\u00f4tel Chevillon.&#8221; &#8211; &#8211; &#8211;<\/p>\n<figure id=\"attachment_2156\" aria-describedby=\"caption-attachment-2156\" style=\"width: 407px\" class=\"wp-caption alignnone\"><a href=\"http:\/\/fkn.se\/stilleben-1884-2__trashed\/portratt-av-klas-fahraeus-1886-2\/\" rel=\"attachment wp-att-2156\"><img loading=\"lazy\" decoding=\"async\" class=\"wp-image-2156 size-full\" src=\"http:\/\/fkn.se\/wp-content\/uploads\/2019\/04\/Portratt-av-Klas-Fahraeus-1886.jpg\" alt=\"\" width=\"407\" height=\"589\" srcset=\"https:\/\/fkn.se\/wp-content\/uploads\/2019\/04\/Portratt-av-Klas-Fahraeus-1886.jpg 407w, https:\/\/fkn.se\/wp-content\/uploads\/2019\/04\/Portratt-av-Klas-Fahraeus-1886-207x300.jpg 207w\" sizes=\"auto, (max-width: 407px) 100vw, 407px\" \/><\/a><figcaption id=\"caption-attachment-2156\" class=\"wp-caption-text\">Karl Nordstr\u00f6m, <em>Portr\u00e4tt av Klas F\u00e5hr\u00e6us<\/em>. 1886, Bonniers portr\u00e4ttsamling, Nedre Manilla.<\/figcaption><\/figure>\n<p>&#8221;Olga Bj\u00f6rkengren gjorde under 1870- och 1880- talet en str\u00e5lande scenkarri\u00e4r. Hon var anst\u00e4lld p\u00e5 Nya Teatern i Stockholm 1875-1879 och p\u00e5 Operan 1879-1886, 1880 blev hon premi\u00e4raktris. Hon var en stor tragedienn och hennes tolkning av Sofokles Antigone ans\u00e5gs f\u00f6rebildlig. Lady Macbeth och drottningen i Hamlet tillh\u00f6rde ocks\u00e5 hennes stora roller. Hon fick ber\u00f6m f\u00f6r sitt &#8217;klassiska&#8217; utseende, sin klangsk\u00f6na r\u00f6st och sitt fullst\u00e4ndiga beh\u00e4rskande av tekniken. Efter sitt gifterm\u00e5l 1887 med Klas F\u00e5hr\u00e6us slutade hon helt att upptr\u00e4da.&#8221;<\/p>\n<p>&#8221;Ernst Josephson var en av de m\u00e5nga konstn\u00e4rer som deltog i julfirandet i Grez 1883. Genom sitt stora intresse f\u00f6r musik kom han och Olga Bj\u00f6rkengren att utveckla en n\u00e4ra v\u00e4nskap. P\u00e5 ny\u00e5ret 1886 p\u00e5b\u00f6rjade Josephson i Stockholm sitt k\u00e4nda portr\u00e4tt av henne. (Malm\u00f6 Museum). Portr\u00e4ttet fullbordades f\u00f6rst omkring 1890 under konstn\u00e4rens sjukdomsperiod. &#8221; &#8211; &#8211; &#8211;<\/p>\n<figure id=\"attachment_2160\" aria-describedby=\"caption-attachment-2160\" style=\"width: 480px\" class=\"wp-caption alignnone\"><a href=\"http:\/\/fkn.se\/stilleben-1884-2__trashed\/olga-bjorkengren\/\" rel=\"attachment wp-att-2160\"><img loading=\"lazy\" decoding=\"async\" class=\"wp-image-2160 size-full\" src=\"http:\/\/fkn.se\/wp-content\/uploads\/2019\/04\/Olga-Bjorkengren.jpg\" alt=\"\" width=\"480\" height=\"604\" srcset=\"https:\/\/fkn.se\/wp-content\/uploads\/2019\/04\/Olga-Bjorkengren.jpg 480w, https:\/\/fkn.se\/wp-content\/uploads\/2019\/04\/Olga-Bjorkengren-238x300.jpg 238w\" sizes=\"auto, (max-width: 480px) 100vw, 480px\" \/><\/a><figcaption id=\"caption-attachment-2160\" class=\"wp-caption-text\">Ernst Josephson, <em>Olga Bj\u00f6rkengren.<\/em> 1886-o 1890, Malm\u00f6 Museum<\/figcaption><\/figure>\n<p>&nbsp;<\/p>\n<p>Fr\u00e5n Stockholms Auktionsverks hemsida. (Efter vederb\u00f6rligt medgivande 2019-04-10, genom B. Carlsson.)<\/p>\n","protected":false},"excerpt":{"rendered":"<p>&nbsp; PROVENIENS G\u00e5va av konstn\u00e4ren 1884 till sk\u00e5despelerskan och operas\u00e5ngerskan Olga Bj\u00f6rkengren (1857-1950), gift F\u00e5hr\u00e6us, H\u00f6keberga g\u00e5rd, Liding\u00f6; d\u00e4refter i arv inom familjen till 2016. Utropspris: 200 000-300 000 SEK Klubbat: 320 000 SKR Fr\u00e5n Stockholms Auktionsverks hemsida. (Litteraturreferens: Claire Leray,\u00a0 Artistes du bout du monde \u00e0 Grez sur Loing depuis 1860, &#8221;La Colonie Scandinavie&#8221;.\u00a0 &hellip; <a href=\"https:\/\/fkn.se\/index.php\/japonism-2\/\" class=\"more-link\">Forts\u00e4tt l\u00e4sa <span class=\"screen-reader-text\">Stilleben 1884<\/span><\/a><\/p>\n","protected":false},"author":4,"featured_media":0,"parent":0,"menu_order":0,"comment_status":"closed","ping_status":"closed","template":"","meta":{"footnotes":""},"class_list":["post-2181","page","type-page","status-publish","hentry"],"_links":{"self":[{"href":"https:\/\/fkn.se\/index.php\/wp-json\/wp\/v2\/pages\/2181","targetHints":{"allow":["GET"]}}],"collection":[{"href":"https:\/\/fkn.se\/index.php\/wp-json\/wp\/v2\/pages"}],"about":[{"href":"https:\/\/fkn.se\/index.php\/wp-json\/wp\/v2\/types\/page"}],"author":[{"embeddable":true,"href":"https:\/\/fkn.se\/index.php\/wp-json\/wp\/v2\/users\/4"}],"replies":[{"embeddable":true,"href":"https:\/\/fkn.se\/index.php\/wp-json\/wp\/v2\/comments?post=2181"}],"version-history":[{"count":28,"href":"https:\/\/fkn.se\/index.php\/wp-json\/wp\/v2\/pages\/2181\/revisions"}],"predecessor-version":[{"id":3612,"href":"https:\/\/fkn.se\/index.php\/wp-json\/wp\/v2\/pages\/2181\/revisions\/3612"}],"wp:attachment":[{"href":"https:\/\/fkn.se\/index.php\/wp-json\/wp\/v2\/media?parent=2181"}],"curies":[{"name":"wp","href":"https:\/\/api.w.org\/{rel}","templated":true}]}}