{"id":2173,"date":"2019-04-05T12:43:33","date_gmt":"2019-04-05T10:43:33","guid":{"rendered":"http:\/\/fkn2.elji.info\/?page_id=2173"},"modified":"2023-11-07T15:08:35","modified_gmt":"2023-11-07T14:08:35","slug":"litteratur","status":"publish","type":"page","link":"https:\/\/fkn.se\/index.php\/litteratur\/","title":{"rendered":"Litteratur"},"content":{"rendered":"<p>&#8211; Axberg, \u00c5sa, Konstn\u00e4rskolonin Varbergsskolan (2022)<br \/>\n&#8211; Bergh, Richard, <span style=\"text-decoration: underline;\">Om konst och annat<\/span> (1919). Sid 116-134 &#8221;Karl Nordstr\u00f6m och det moderna st\u00e4mningslandskapet&#8221;\u00a0 (Ord och Bild 1897)<br \/>\n&#8211; Elmberg, Alf, <span style=\"text-decoration: underline;\">Karl Nordstr\u00f6m <\/span><span style=\"text-decoration: underline;\">Konstn\u00e4r och banbrytare<\/span> (2012) *<br \/>\n&#8211; Fritz, Martin, <span style=\"text-decoration: underline;\">Det \u00e5terskapade H\u00d4TEL CHEVILLON i Grez-sur-Loing<\/span> (2013) *<br \/>\n&#8211; Hedberg, Tor, <span style=\"text-decoration: underline;\">Karl Nordstr\u00f6m. En studie<\/span> (1905)<br \/>\n&#8211; Lindwall, Bo, <span style=\"text-decoration: underline;\">Konstn\u00e4rskolonin i GR\u00c8Z<\/span> (1993) *<br \/>\n&#8211; Meister\/Sid\u00e9n red., <span style=\"text-decoration: underline;\">KARL NORDSTR\u00d6M KONSTN\u00c4RERNAS KONSTN\u00c4R<\/span> Utst\u00e4llningskatalog fr\u00e5n Prins Eugens Waldemarsudde (2014)<br \/>\n&#8211; Person, Bengt-Arne, <span style=\"text-decoration: underline;\">Varbergsskolan<\/span> (1993)<br \/>\n&#8211; Persson,\u00a0 Solveig, <span style=\"text-decoration: underline;\">L\u00e4nsmansfruar p\u00e5 Hoga<\/span> (2012) *<br \/>\n&#8211; Rapp m fl, <span style=\"text-decoration: underline;\">Karl Nordstr\u00f6m och Bohusl\u00e4n<\/span> Utst\u00e4llningskatalog fr\u00e5n Prins Eugens Waldemarsudde (1979)<br \/>\n&#8211; Rapp, Birgitta, KARL NORDSTR\u00d6M Individualist och National-romantiker. I: Agu\u00e9limuseets V\u00e4nner \u00c5rsskrift 1990, \u00e5rg 3<br \/>\n&#8211; Str\u00f6mbom, Sixten, <span style=\"text-decoration: underline;\">Konstn\u00e4rsf\u00f6rbundets historia<\/span> I (1945) och II (1965).<br \/>\n&#8211; Svedfelt, Torsten, <span style=\"text-decoration: underline;\">Karl Nordstr\u00f6ms konst Ett urval m\u00e5lningar och teckningar<\/span>\u00a0(1939<span style=\"text-decoration: underline;\">)<br \/>\n<\/span>&#8211; S\u00f6derlund, G\u00f6ran, m fl, KARL NORDSTR\u00d6M <span style=\"text-decoration: underline;\">Utst\u00e4llningskatalog<\/span> fr\u00e5n G\u00f6teborgs konstmuseum m fl. (1992-1993)<span style=\"text-decoration: underline;\"><br \/>\n<\/span>&#8211; Wiberg, Totte, <span style=\"text-decoration: underline;\">F\u00fcrstenbergska galleriet<\/span> Mecenatparet, konstn\u00e4rerna och samlingen (2009) *<\/p>\n<p>______________________________<br \/>\n*\u00a0 Boken presenteras i marginalmenyn; klicka p\u00e5: \u00a0<strong>\u2228<\/strong><\/p>\n<p>&nbsp;<\/p>\n<p>&nbsp;<\/p>\n<p>&nbsp;<\/p>\n<p>&nbsp;<\/p>\n<p>&nbsp;<\/p>\n<p>&nbsp;<\/p>\n<p><span style=\"text-decoration: underline;\">.<br \/>\n<\/span><\/p>\n<p>&#8211;<\/p>\n","protected":false},"excerpt":{"rendered":"<p>&#8211; Axberg, \u00c5sa, Konstn\u00e4rskolonin Varbergsskolan (2022) &#8211; Bergh, Richard, Om konst och annat (1919). Sid 116-134 &#8221;Karl Nordstr\u00f6m och det moderna st\u00e4mningslandskapet&#8221;\u00a0 (Ord och Bild 1897) &#8211; Elmberg, Alf, Karl Nordstr\u00f6m Konstn\u00e4r och banbrytare (2012) * &#8211; Fritz, Martin, Det \u00e5terskapade H\u00d4TEL CHEVILLON i Grez-sur-Loing (2013) * &#8211; Hedberg, Tor, Karl Nordstr\u00f6m. En studie (1905) &hellip; <a href=\"https:\/\/fkn.se\/index.php\/litteratur\/\" class=\"more-link\">Forts\u00e4tt l\u00e4sa <span class=\"screen-reader-text\">Litteratur<\/span><\/a><\/p>\n","protected":false},"author":4,"featured_media":0,"parent":0,"menu_order":0,"comment_status":"closed","ping_status":"closed","template":"","meta":{"footnotes":""},"class_list":["post-2173","page","type-page","status-publish","hentry"],"_links":{"self":[{"href":"https:\/\/fkn.se\/index.php\/wp-json\/wp\/v2\/pages\/2173","targetHints":{"allow":["GET"]}}],"collection":[{"href":"https:\/\/fkn.se\/index.php\/wp-json\/wp\/v2\/pages"}],"about":[{"href":"https:\/\/fkn.se\/index.php\/wp-json\/wp\/v2\/types\/page"}],"author":[{"embeddable":true,"href":"https:\/\/fkn.se\/index.php\/wp-json\/wp\/v2\/users\/4"}],"replies":[{"embeddable":true,"href":"https:\/\/fkn.se\/index.php\/wp-json\/wp\/v2\/comments?post=2173"}],"version-history":[{"count":83,"href":"https:\/\/fkn.se\/index.php\/wp-json\/wp\/v2\/pages\/2173\/revisions"}],"predecessor-version":[{"id":4249,"href":"https:\/\/fkn.se\/index.php\/wp-json\/wp\/v2\/pages\/2173\/revisions\/4249"}],"wp:attachment":[{"href":"https:\/\/fkn.se\/index.php\/wp-json\/wp\/v2\/media?parent=2173"}],"curies":[{"name":"wp","href":"https:\/\/api.w.org\/{rel}","templated":true}]}}