{"id":177,"date":"2015-09-10T11:22:49","date_gmt":"2015-09-10T09:22:49","guid":{"rendered":"http:\/\/fkn2.elji.info\/?page_id=177"},"modified":"2020-09-26T14:55:25","modified_gmt":"2020-09-26T12:55:25","slug":"konsnarskolonin-i-grez","status":"publish","type":"page","link":"https:\/\/fkn.se\/index.php\/medlemsinfo\/konsnarskolonin-i-grez\/","title":{"rendered":"Konstn\u00e4rskolonin i GR\u00c8Z"},"content":{"rendered":"<h4>Redigerad och sammanst\u00e4lld av\u00a0<b>Bo Lindwall\u00a0(1993)<\/b><\/h4>\n<p><a href=\"http:\/\/fkn.se\/wp-content\/uploads\/2015\/09\/konstnarskolonin.jpg\"><img loading=\"lazy\" decoding=\"async\" class=\"alignright size-full wp-image-181\" src=\"http:\/\/fkn.se\/wp-content\/uploads\/2015\/09\/konstnarskolonin.jpg\" alt=\"Konstn\u00e4rskolonin i GR\u00c8Z\" width=\"178\" height=\"209\" \/><\/a>Karl Nordstr\u00f6m tillh\u00f6rde konstn\u00e4rskolonin i Gr\u00e8z flera \u00e5r p\u00e5 1880-talet. Bo Lindwall, f d intendent\u00a0 p\u00e5 Waldemarsudde, ber\u00e4ttar om den nordiska kolonin och har st\u00e4llt samman samtida dokument, artiklar, brevutdrag m m med anknytning till konstn\u00e4rerna och trakten. I f\u00f6rordet skriver Jan Wallinder, \u00e5r 1993 ordf\u00f6rande i Stiftelsen Gr\u00e8z-sur-Loing: &#8221;P\u00e5 de f\u00f6ljande sidorna tr\u00e4der det dagliga livet i 1880-talets nordiska Gr\u00e8z-kolonin oss levande till m\u00f6tes. D\u00e4r l\u00e4ses om arbets- och festgl\u00e4dje, idyll och dramatik, kamratskap och kollegialt utbyte starka personligheter emellan, intensivt engagerade i sin konst med aptit p\u00e5 livet och p\u00e5 nya intryck.&#8221; Boken \u00e4r rikt illustrerad med konstverk och teckningar fr\u00e5n Gr\u00e8z-tiden.<\/p>\n<p>&nbsp;<\/p>\n","protected":false},"excerpt":{"rendered":"<p>Redigerad och sammanst\u00e4lld av\u00a0Bo Lindwall\u00a0(1993) Karl Nordstr\u00f6m tillh\u00f6rde konstn\u00e4rskolonin i Gr\u00e8z flera \u00e5r p\u00e5 1880-talet. Bo Lindwall, f d intendent\u00a0 p\u00e5 Waldemarsudde, ber\u00e4ttar om den nordiska kolonin och har st\u00e4llt samman samtida dokument, artiklar, brevutdrag m m med anknytning till konstn\u00e4rerna och trakten. I f\u00f6rordet skriver Jan Wallinder, \u00e5r 1993 ordf\u00f6rande i Stiftelsen Gr\u00e8z-sur-Loing: &#8221;P\u00e5 &hellip; <a href=\"https:\/\/fkn.se\/index.php\/medlemsinfo\/konsnarskolonin-i-grez\/\" class=\"more-link\">Forts\u00e4tt l\u00e4sa <span class=\"screen-reader-text\">Konstn\u00e4rskolonin i GR\u00c8Z<\/span><\/a><\/p>\n","protected":false},"author":2,"featured_media":0,"parent":13,"menu_order":0,"comment_status":"closed","ping_status":"closed","template":"","meta":{"footnotes":""},"class_list":["post-177","page","type-page","status-publish","hentry"],"_links":{"self":[{"href":"https:\/\/fkn.se\/index.php\/wp-json\/wp\/v2\/pages\/177","targetHints":{"allow":["GET"]}}],"collection":[{"href":"https:\/\/fkn.se\/index.php\/wp-json\/wp\/v2\/pages"}],"about":[{"href":"https:\/\/fkn.se\/index.php\/wp-json\/wp\/v2\/types\/page"}],"author":[{"embeddable":true,"href":"https:\/\/fkn.se\/index.php\/wp-json\/wp\/v2\/users\/2"}],"replies":[{"embeddable":true,"href":"https:\/\/fkn.se\/index.php\/wp-json\/wp\/v2\/comments?post=177"}],"version-history":[{"count":13,"href":"https:\/\/fkn.se\/index.php\/wp-json\/wp\/v2\/pages\/177\/revisions"}],"predecessor-version":[{"id":878,"href":"https:\/\/fkn.se\/index.php\/wp-json\/wp\/v2\/pages\/177\/revisions\/878"}],"up":[{"embeddable":true,"href":"https:\/\/fkn.se\/index.php\/wp-json\/wp\/v2\/pages\/13"}],"wp:attachment":[{"href":"https:\/\/fkn.se\/index.php\/wp-json\/wp\/v2\/media?parent=177"}],"curies":[{"name":"wp","href":"https:\/\/api.w.org\/{rel}","templated":true}]}}