{"id":175,"date":"2015-09-10T11:22:29","date_gmt":"2015-09-10T09:22:29","guid":{"rendered":"http:\/\/fkn2.elji.info\/?page_id=175"},"modified":"2020-09-26T14:55:25","modified_gmt":"2020-09-26T12:55:25","slug":"furstenbergska-galleriet-mecenatparet-konstnarerna-och-samlingen","status":"publish","type":"page","link":"https:\/\/fkn.se\/index.php\/medlemsinfo\/furstenbergska-galleriet-mecenatparet-konstnarerna-och-samlingen\/","title":{"rendered":"F\u00fcrstenbergska galleriet Mecenatparet, konstn\u00e4rerna och samlingen"},"content":{"rendered":"<h4><b>Totte Wiberg (2009)<\/b><\/h4>\n<p><img loading=\"lazy\" decoding=\"async\" class=\"size-full wp-image-233 alignright\" src=\"http:\/\/fkn.se\/wp-content\/uploads\/2015\/09\/Furstenbergska.jpg\" alt=\"Furstenbergska\" width=\"140\" height=\"284\" \/>Boken \u00e4r en kr\u00f6nika om paret <a href=\"http:\/\/www.sv.wikipedia.org\/wiki\/Pontus_F%C3%BCrstenberg\">F\u00fcrstenberg<\/a>, deras konstsamling och konstn\u00e4rerna kring dem. Karl Nordstr\u00f6m tillh\u00f6rde de unga svenska konstn\u00e4rer som Pontus F\u00fcrstenberg var mecenat f\u00f6r. Vid sidan av sina generationskamrater Carl Larsson, Richard Bergh, Nils Kreuger, Ernst Josephson, Bruno Liljefors, Hanna och Georg Pauli, Per Hasselberg m fl. Boken ger en livfull skildring av svenskt och \u00f6vrigt nordiskt konstliv under slutet av 1800-talet. I kronologisk ordning med kapitel \u00e5r f\u00f6r \u00e5r 1880-1902 presenterar f\u00f6rfattaren hur det moderna genombrottet n\u00e5dde Sverige. Karl Nordstr\u00f6m, som var sekreterare i Konstn\u00e4rsf\u00f6rbundet (och senare fr\u00e5n 1896 dess ordf\u00f6rande) spelade en stor roll i den utvecklingen. H\u00e4r f\u00e5r man en samlad genomg\u00e5ng och dokumenterad bakgrund till den konst ur F\u00fcrstenbergska samlingen, som numera \u00e5terfinns p\u00e5 G\u00f6teborgs Konstmuseum. Av Karl Nordstr\u00f6m &#8221;Tr\u00e4dg\u00e5rdsmotiv fr\u00e5n Gr\u00e8z&#8221; (1884), &#8221;Min hustru&#8221; (1885), &#8221;Vinterlandskap&#8221; (1889), &#8221;Varbergs f\u00e4ste&#8221; (1894) och &#8221;Hartippen p\u00e5 Tj\u00f6rn&#8221; (1897). (Dessutom finns p\u00e5 G\u00f6teborgs Konstmuseum &#8221;Det gula huset&#8221; (1889) och &#8221;Vinterafton vid Roslagstull&#8221; (1900).) Boken \u00e4r rikt illustrerad med m\u00e5lningar och avbildningar av skulpturer, vilka omn\u00e4mnes i de olika kapitlen.<\/p>\n<p><strong><br \/>\n<\/strong><\/p>\n","protected":false},"excerpt":{"rendered":"<p>Totte Wiberg (2009) Boken \u00e4r en kr\u00f6nika om paret F\u00fcrstenberg, deras konstsamling och konstn\u00e4rerna kring dem. Karl Nordstr\u00f6m tillh\u00f6rde de unga svenska konstn\u00e4rer som Pontus F\u00fcrstenberg var mecenat f\u00f6r. Vid sidan av sina generationskamrater Carl Larsson, Richard Bergh, Nils Kreuger, Ernst Josephson, Bruno Liljefors, Hanna och Georg Pauli, Per Hasselberg m fl. Boken ger en &hellip; <a href=\"https:\/\/fkn.se\/index.php\/medlemsinfo\/furstenbergska-galleriet-mecenatparet-konstnarerna-och-samlingen\/\" class=\"more-link\">Forts\u00e4tt l\u00e4sa <span class=\"screen-reader-text\">F\u00fcrstenbergska galleriet Mecenatparet, konstn\u00e4rerna och samlingen<\/span><\/a><\/p>\n","protected":false},"author":2,"featured_media":0,"parent":13,"menu_order":0,"comment_status":"closed","ping_status":"closed","template":"","meta":{"footnotes":""},"class_list":["post-175","page","type-page","status-publish","hentry"],"_links":{"self":[{"href":"https:\/\/fkn.se\/index.php\/wp-json\/wp\/v2\/pages\/175","targetHints":{"allow":["GET"]}}],"collection":[{"href":"https:\/\/fkn.se\/index.php\/wp-json\/wp\/v2\/pages"}],"about":[{"href":"https:\/\/fkn.se\/index.php\/wp-json\/wp\/v2\/types\/page"}],"author":[{"embeddable":true,"href":"https:\/\/fkn.se\/index.php\/wp-json\/wp\/v2\/users\/2"}],"replies":[{"embeddable":true,"href":"https:\/\/fkn.se\/index.php\/wp-json\/wp\/v2\/comments?post=175"}],"version-history":[{"count":13,"href":"https:\/\/fkn.se\/index.php\/wp-json\/wp\/v2\/pages\/175\/revisions"}],"predecessor-version":[{"id":875,"href":"https:\/\/fkn.se\/index.php\/wp-json\/wp\/v2\/pages\/175\/revisions\/875"}],"up":[{"embeddable":true,"href":"https:\/\/fkn.se\/index.php\/wp-json\/wp\/v2\/pages\/13"}],"wp:attachment":[{"href":"https:\/\/fkn.se\/index.php\/wp-json\/wp\/v2\/media?parent=175"}],"curies":[{"name":"wp","href":"https:\/\/api.w.org\/{rel}","templated":true}]}}