{"id":170,"date":"2015-09-10T11:20:54","date_gmt":"2015-09-10T09:20:54","guid":{"rendered":"http:\/\/fkn2.elji.info\/?page_id=170"},"modified":"2020-09-26T14:55:25","modified_gmt":"2020-09-26T12:55:25","slug":"karl-nordstrom-konstnar-och-banbrytare","status":"publish","type":"page","link":"https:\/\/fkn.se\/index.php\/medlemsinfo\/karl-nordstrom-konstnar-och-banbrytare\/","title":{"rendered":"Karl Nordstr\u00f6m. Konstn\u00e4r och banbrytare"},"content":{"rendered":"<h4><b>Alf Elmberg\u00a0(2012)<\/b><\/h4>\n<p><img loading=\"lazy\" decoding=\"async\" class=\"alignright size-full wp-image-90\" src=\"http:\/\/fkn.se\/wp-content\/uploads\/2015\/09\/Alfs-bok.jpg\" alt=\"Alfs bok\" width=\"177\" height=\"176\" srcset=\"https:\/\/fkn.se\/wp-content\/uploads\/2015\/09\/Alfs-bok.jpg 177w, https:\/\/fkn.se\/wp-content\/uploads\/2015\/09\/Alfs-bok-150x150.jpg 150w\" sizes=\"auto, (max-width: 177px) 100vw, 177px\" \/>I Bibliotekstj\u00e4nsts lekt\u00f6rsomd\u00f6me heter det bl a: &#8221;Alf Elmberg har f\u00f6rs\u00f6kt s\u00e4tta sig in i och formulera m\u00e5larens tankar och k\u00e4nslor under olika skeden i hans liv, att krypa innanf\u00f6r skalet och visa omv\u00e4rlden vem Karl Nordstr\u00f6m var.&#8221; &#8212; &#8221;Hans starka engagemang och intresse f\u00f6r denne konstn\u00e4r har f\u00e5tt honom att st\u00e4lla samman ett antal texter av olika karakt\u00e4r. F\u00f6rfattaren kallar dem realistisk fiktion, det vill s\u00e4ga en blandning av fakta och funderingar.&#8221; Han &#8221;n\u00e4rmar sig sitt objekt med stor h\u00e4nsynsfullhet, \u00f6mhet och beundran. &#8212; Det h\u00e4r \u00e4r en mycket l\u00e4sv\u00e4rd och originell ber\u00e4ttelse om konstn\u00e4ren Karl Nordstr\u00f6ms liv.&#8221; (Ingrid E. Sj\u00f6strand)<\/p>\n<p>Ur inneh\u00e5llsf\u00f6rteckningen: Impressionism och en fransk lantby, P\u00e5 ett berg i Bohusl\u00e4n, En morgon i m\u00e5naden maj, Vinter i Stockholm, Sommar i Le Cheylard, Brev till prinsen, Greziotiskt \u00e4ventyr. Bokens illustrationer \u00e5terger verk av m\u00e5laren men upptar ocks\u00e5 fotografier fr\u00e5n platser d\u00e4r han vistades.<\/p>\n<p>&nbsp;<\/p>\n","protected":false},"excerpt":{"rendered":"<p>Alf Elmberg\u00a0(2012) I Bibliotekstj\u00e4nsts lekt\u00f6rsomd\u00f6me heter det bl a: &#8221;Alf Elmberg har f\u00f6rs\u00f6kt s\u00e4tta sig in i och formulera m\u00e5larens tankar och k\u00e4nslor under olika skeden i hans liv, att krypa innanf\u00f6r skalet och visa omv\u00e4rlden vem Karl Nordstr\u00f6m var.&#8221; &#8212; &#8221;Hans starka engagemang och intresse f\u00f6r denne konstn\u00e4r har f\u00e5tt honom att st\u00e4lla samman &hellip; <a href=\"https:\/\/fkn.se\/index.php\/medlemsinfo\/karl-nordstrom-konstnar-och-banbrytare\/\" class=\"more-link\">Forts\u00e4tt l\u00e4sa <span class=\"screen-reader-text\">Karl Nordstr\u00f6m. Konstn\u00e4r och banbrytare<\/span><\/a><\/p>\n","protected":false},"author":2,"featured_media":0,"parent":13,"menu_order":0,"comment_status":"closed","ping_status":"closed","template":"","meta":{"footnotes":""},"class_list":["post-170","page","type-page","status-publish","hentry"],"_links":{"self":[{"href":"https:\/\/fkn.se\/index.php\/wp-json\/wp\/v2\/pages\/170","targetHints":{"allow":["GET"]}}],"collection":[{"href":"https:\/\/fkn.se\/index.php\/wp-json\/wp\/v2\/pages"}],"about":[{"href":"https:\/\/fkn.se\/index.php\/wp-json\/wp\/v2\/types\/page"}],"author":[{"embeddable":true,"href":"https:\/\/fkn.se\/index.php\/wp-json\/wp\/v2\/users\/2"}],"replies":[{"embeddable":true,"href":"https:\/\/fkn.se\/index.php\/wp-json\/wp\/v2\/comments?post=170"}],"version-history":[{"count":12,"href":"https:\/\/fkn.se\/index.php\/wp-json\/wp\/v2\/pages\/170\/revisions"}],"predecessor-version":[{"id":789,"href":"https:\/\/fkn.se\/index.php\/wp-json\/wp\/v2\/pages\/170\/revisions\/789"}],"up":[{"embeddable":true,"href":"https:\/\/fkn.se\/index.php\/wp-json\/wp\/v2\/pages\/13"}],"wp:attachment":[{"href":"https:\/\/fkn.se\/index.php\/wp-json\/wp\/v2\/media?parent=170"}],"curies":[{"name":"wp","href":"https:\/\/api.w.org\/{rel}","templated":true}]}}