{"id":17,"date":"2015-06-04T14:09:22","date_gmt":"2015-06-04T12:09:22","guid":{"rendered":"http:\/\/fkn.se\/ny\/?page_id=17"},"modified":"2026-03-30T17:48:15","modified_gmt":"2026-03-30T15:48:15","slug":"styrelse","status":"publish","type":"page","link":"https:\/\/fkn.se\/index.php\/foreningen\/styrelse\/","title":{"rendered":"Styrelse"},"content":{"rendered":"<p><b>Ordf\u00f6rande: <\/b>Eva Green-Fredriksson,<br \/>\n<strong>Kass\u00f6r: <\/strong>Barbro Leidz\u00e9n<br \/>\n<strong>Sekreterare: <\/strong>\u00c5sl\u00f6g Dahl<br \/>\n<b>Ledamot: <\/b>Lisbeth Berndtsson<br \/>\n<strong>Ledamot: <\/strong>Ulf Grunditz Erixon<br \/>\n<strong>Ledamot: <\/strong>Helena Sandin<br \/>\n<strong>Ledamot: <\/strong>H\u00e5kan Leidz\u00e9n<br \/>\n<strong>Suppleant: <\/strong>Anna Robertsson Petersen<br \/>\n<strong>Suppleant: <\/strong>Solveig Olausson<\/p>\n<p>Styrelsen n\u00e5s via f\u00f6reningens e-post<\/p>\n<p><a href=\"mailto:info@fkn.se\"><span style=\"color: #00ccff;\">info@fkn.se<\/span><\/a><\/p>\n","protected":false},"excerpt":{"rendered":"<p>Ordf\u00f6rande: Eva Green-Fredriksson, Kass\u00f6r: Barbro Leidz\u00e9n Sekreterare: \u00c5sl\u00f6g Dahl Ledamot: Lisbeth Berndtsson Ledamot: Ulf Grunditz Erixon Ledamot: Helena Sandin Ledamot: H\u00e5kan Leidz\u00e9n Suppleant: Anna Robertsson Petersen Suppleant: Solveig Olausson Styrelsen n\u00e5s via f\u00f6reningens e-post info@fkn.se<\/p>\n","protected":false},"author":2,"featured_media":0,"parent":8,"menu_order":1,"comment_status":"closed","ping_status":"closed","template":"","meta":{"footnotes":""},"class_list":["post-17","page","type-page","status-publish","hentry"],"_links":{"self":[{"href":"https:\/\/fkn.se\/index.php\/wp-json\/wp\/v2\/pages\/17","targetHints":{"allow":["GET"]}}],"collection":[{"href":"https:\/\/fkn.se\/index.php\/wp-json\/wp\/v2\/pages"}],"about":[{"href":"https:\/\/fkn.se\/index.php\/wp-json\/wp\/v2\/types\/page"}],"author":[{"embeddable":true,"href":"https:\/\/fkn.se\/index.php\/wp-json\/wp\/v2\/users\/2"}],"replies":[{"embeddable":true,"href":"https:\/\/fkn.se\/index.php\/wp-json\/wp\/v2\/comments?post=17"}],"version-history":[{"count":79,"href":"https:\/\/fkn.se\/index.php\/wp-json\/wp\/v2\/pages\/17\/revisions"}],"predecessor-version":[{"id":4605,"href":"https:\/\/fkn.se\/index.php\/wp-json\/wp\/v2\/pages\/17\/revisions\/4605"}],"up":[{"embeddable":true,"href":"https:\/\/fkn.se\/index.php\/wp-json\/wp\/v2\/pages\/8"}],"wp:attachment":[{"href":"https:\/\/fkn.se\/index.php\/wp-json\/wp\/v2\/media?parent=17"}],"curies":[{"name":"wp","href":"https:\/\/api.w.org\/{rel}","templated":true}]}}