{"id":1351,"date":"2017-06-12T20:20:58","date_gmt":"2017-06-12T18:20:58","guid":{"rendered":"http:\/\/fkn2.elji.info\/?page_id=1351"},"modified":"2021-07-26T14:31:06","modified_gmt":"2021-07-26T12:31:06","slug":"karl-nordstrom-och-haron","status":"publish","type":"page","link":"https:\/\/fkn.se\/index.php\/karl-nordstrom-och-haron\/","title":{"rendered":"Karl Nordstr\u00f6m och H\u00e4r\u00f6n"},"content":{"rendered":"<h3><strong>Brev som ber\u00e4ttar<\/strong><\/h3>\n<p>&nbsp;<\/p>\n<p>Fr\u00e5n mitten av 1890-talet reste konstn\u00e4ren Karl Nordstr\u00f6m med familj regelbundet fr\u00e5n Stockholm till v\u00e4stkusten varje sommar. Fr\u00e5n 1895 t o m 1918\u00a0\u00a0 hade han sin sommarvistelse p\u00e5 H\u00e4r\u00f6n utanf\u00f6r Kyrkesund. Familjen hyrde ett &#8221;tr\u00e4dg\u00e5rdshus&#8221; av k\u00f6pmannen Alexis Lachonius, och de brev fr\u00e5n Karl Nordstr\u00f6m till honom som finns bevarade ger en viss inblick i hur det kunde vara p\u00e5 den tiden. Om \u00e4n ganska kortfattat; det \u00e4r inte fr\u00e5ga om n\u00e5gra l\u00e4ngre ber\u00e4ttelser, men \u00e4nd\u00e5 levande, intressanta \u00f6gonblicksbilder. Karl Nordstr\u00f6m \u00e4r f\u00f6r \u00f6vrigt k\u00e4nd som en god brevskrivare, kanske fr\u00e4mst i brev till sl\u00e4ktingar och konstn\u00e4rsv\u00e4nner.<\/p>\n<figure id=\"attachment_3242\" aria-describedby=\"caption-attachment-3242\" style=\"width: 391px\" class=\"wp-caption aligncenter\"><a href=\"https:\/\/fkn.se\/index.php\/karl-nordstrom-och-haron\/nordstrom-pa-haron\/\" rel=\"attachment wp-att-3242\"><img loading=\"lazy\" decoding=\"async\" class=\"wp-image-3242 \" src=\"https:\/\/fkn.se\/wp-content\/uploads\/2020\/10\/nordstrom-pa-haron-672x1024.jpg\" alt=\"\" width=\"391\" height=\"596\" srcset=\"https:\/\/fkn.se\/wp-content\/uploads\/2020\/10\/nordstrom-pa-haron-672x1024.jpg 672w, https:\/\/fkn.se\/wp-content\/uploads\/2020\/10\/nordstrom-pa-haron-197x300.jpg 197w, https:\/\/fkn.se\/wp-content\/uploads\/2020\/10\/nordstrom-pa-haron-768x1169.jpg 768w, https:\/\/fkn.se\/wp-content\/uploads\/2020\/10\/nordstrom-pa-haron-1009x1536.jpg 1009w, https:\/\/fkn.se\/wp-content\/uploads\/2020\/10\/nordstrom-pa-haron-1345x2048.jpg 1345w, https:\/\/fkn.se\/wp-content\/uploads\/2020\/10\/nordstrom-pa-haron.jpg 1517w\" sizes=\"auto, (max-width: 391px) 100vw, 391px\" \/><\/a><figcaption id=\"caption-attachment-3242\" class=\"wp-caption-text\">Karl Nordstr\u00f6m p\u00e5 v\u00e4g till motivet.\u00a0 Foto: Tekla Nordstr\u00f6m (troligen), Kyrkesund ca 1915. Konstn\u00e4rsf\u00f6rbundets arkiv, Nationalmuseum.<\/figcaption><\/figure>\n<p>Breven inneh\u00e5ller de vanliga artighetsfraserna och i b\u00f6rjan av sommaren meddelanden n\u00e4r familjen t\u00e4nker komma till Kyrkesund. H\u00f6st- och julbreven uttrycker tack f\u00f6r det v\u00e4nliga omh\u00e4ndertagandet, som t.ex. i brevet 28 dec 1902: &#8221;Tack f\u00f6r sommaren och tack f\u00f6r alla trefliga stunder i frid och s\u00e4mja p\u00e5 H\u00e4rr\u00f6n, f\u00f6r all v\u00e4nlighet!&#8221; Detta brev inneh\u00e5ller dessutom &#8221;ett litet minne fr\u00e5n sommaren,\u00a0 i form af ett par anspr\u00e5ksl\u00f6sa fotografier&#8221;, vilka hustrun Tekla s\u00e4nder med.<\/p>\n<p>&nbsp;<\/p>\n<figure id=\"attachment_1741\" aria-describedby=\"caption-attachment-1741\" style=\"width: 1404px\" class=\"wp-caption aligncenter\"><a href=\"http:\/\/fkn.se\/galleri\/ingmar-a-6\/\" rel=\"attachment wp-att-1741\"><img loading=\"lazy\" decoding=\"async\" class=\"wp-image-1741 size-full\" src=\"http:\/\/fkn.se\/wp-content\/uploads\/2018\/08\/Ingmar-A-6.png\" alt=\"\" width=\"1404\" height=\"906\" srcset=\"https:\/\/fkn.se\/wp-content\/uploads\/2018\/08\/Ingmar-A-6.png 1404w, https:\/\/fkn.se\/wp-content\/uploads\/2018\/08\/Ingmar-A-6-300x194.png 300w, https:\/\/fkn.se\/wp-content\/uploads\/2018\/08\/Ingmar-A-6-768x496.png 768w, https:\/\/fkn.se\/wp-content\/uploads\/2018\/08\/Ingmar-A-6-1024x661.png 1024w\" sizes=\"auto, (max-width: 1404px) 100vw, 1404px\" \/><\/a><figcaption id=\"caption-attachment-1741\" class=\"wp-caption-text\"><em>Fiskel\u00e4get<\/em>.\u00a0 1909, olja, Norrk\u00f6pings Konstmuseum.<\/figcaption><\/figure>\n<p>&nbsp;<\/p>\n<p>I samma brev, dec 1902, visar Nordstr\u00f6m sitt varma intresse f\u00f6r kustsamh\u00e4llet: &#8221;Af tidningarne finner jag, att storsillen mot all f\u00f6rmodan helt pl\u00f6tsligt anl\u00e4nt till kusten. M\u00e5 det nu bara vara allvar, s\u00e5 att n\u00e5gon f\u00f6rtj\u00e4nst blir af. Och att ni haft en rykande storm nu under h\u00e4lgen ser jag ocks\u00e5. \u00c4fven h\u00e4r hade man k\u00e4nning af den, men var nu s\u00e5 godt som utschasad d\u00e5 han kom hit, s\u00e5 att han orkade inte stort utan gick och lade sig p\u00e5 morgonkr\u00f6ken.&#8221;<\/p>\n<p>\u00c5ret d\u00e4rp\u00e5, 13 maj 1903, inneh\u00e5ller brevet en f\u00f6rfr\u00e5gan om Lachonius kan hj\u00e4lpa till s\u00e5 att familjen kan skaffa sig en egen b\u00e5t. Allra helst en segelb\u00e5t, &#8221;men vid n\u00e4rmare funderare i denna fr\u00e5ga, har jag kommit till denna slutsats: anskaffar jag enbart en s\u00e5dan b\u00e5t som n\u00e4mts, kommer Sven att sitta i densamma under segel hela dagen och skall d\u00e5 n\u00e5gon af oss andra \u00f6fver sundet eller eljest p\u00e5 vattnet i n\u00e4rmaste omgivningarna, s\u00e5 f\u00e5 vi oss ingen b\u00e5t till hands.&#8221; Sonen Sven var det \u00e5ret 16 \u00e5r.<\/p>\n<figure id=\"attachment_3318\" aria-describedby=\"caption-attachment-3318\" style=\"width: 1166px\" class=\"wp-caption alignnone\"><a href=\"https:\/\/fkn.se\/index.php\/galleri\/kyrkesund-1\/\" rel=\"attachment wp-att-3318\"><img loading=\"lazy\" decoding=\"async\" class=\"wp-image-3318 size-full\" src=\"https:\/\/fkn.se\/wp-content\/uploads\/2020\/10\/kyrkesund-1.jpg\" alt=\"\" width=\"1166\" height=\"815\" srcset=\"https:\/\/fkn.se\/wp-content\/uploads\/2020\/10\/kyrkesund-1.jpg 1166w, https:\/\/fkn.se\/wp-content\/uploads\/2020\/10\/kyrkesund-1-300x210.jpg 300w, https:\/\/fkn.se\/wp-content\/uploads\/2020\/10\/kyrkesund-1-1024x716.jpg 1024w, https:\/\/fkn.se\/wp-content\/uploads\/2020\/10\/kyrkesund-1-768x537.jpg 768w\" sizes=\"auto, (max-width: 1166px) 100vw, 1166px\" \/><\/a><figcaption id=\"caption-attachment-3318\" class=\"wp-caption-text\"><em>Kyrkesund Norra inloppet<\/em>.\u00a0 1911, olja privat \u00e4go.<\/figcaption><\/figure>\n<p>Det f\u00e5r allts\u00e5 bli en origgad roddb\u00e5t, men med klart preciserad utrustning, &#8221;ordentliga skockar, \u00e5rtullar, tofter samt ett par snygga \u00e5ror, vilka jag h\u00e4lst skulle vilja ha &#8217;skinnbeslagna&#8217; d\u00e5 de skola ligga mot tull-klampen&#8221;. \u00a0Sven, skriver fadern, \u00e4r &#8221;lifligt intresserad&#8221; av en segelb\u00e5t &#8211; &#8221;febern p\u00e5 allt som r\u00f6r sj\u00f6fart \u00e4r f\u00f6r n\u00e4rvarande mycket starkt hos honom &#8211; jag f\u00e5r v\u00e4l snart l\u00e5ta honom g\u00e5 \u00f6fver Nordsj\u00f6n n\u00e5gon g\u00e5ng, s\u00e5 kanske det stillas&#8221;. &#8211; I december-brevet \u00e5ret innan hade fadern i en interi\u00f6rbild fr\u00e5n jullovet i Stockholm skrivit: &#8221;Sven sitter f\u00f6r tillf\u00e4llet f\u00f6rdjupad i en sj\u00f6roman och dr\u00f6mmer att han \u00e4r ombord p\u00e5 en fregatt, b\u00e4rgar segel och \u00e4r utkik, st\u00e5r till rors och brassar fyrkant m.m. Han \u00e4r nu en h\u00e5rsm\u00e5n l\u00e4ngre \u00e4n undertecknad och b\u00f6rjar f\u00e5 basr\u00f6st.&#8221;<\/p>\n<p>Ibland kan det vara olika bestyr innan man kommer iv\u00e4g fr\u00e5n Stockholm. &#8221;F\u00f6r egen del har jag mycket att g\u00f6ra, d\u00e5 en del utst\u00e4llningar, i sommar och i h\u00f6st, st\u00e5 f\u00f6r d\u00f6rren &#8211; allt skall ordnas och utredas och ligga klart innan man lemnar staden. Sedan kunde man v\u00e4l beh\u00f6fva ett par m\u00e5naders lugn och ro och kustens nervstillande luft.&#8221; (13 maj 1903)<\/p>\n<p>Att det \u00e4ven m\u00e5nga g\u00e5nger blivit s\u00e5 framh\u00e5lls med tacksamhet: &#8221;Vi m\u00e5 alla v\u00e4l och finna oss utm\u00e4rkt efter sommarens pr\u00e4ktiga rekreation. N\u00e4r man kan se tillbaka p\u00e5 en sk\u00f6n sommar som den g\u00e5ngna och d\u00e5 man haft s\u00e5 rikliga tillf\u00e4llen att vara i intim kontakt med naturen och att dagligen f\u00e5 bada, s\u00e5 g\u00e5r man till den l\u00e5nga \u00f6fvervintringen, med dess innest\u00e4ngda lif i stort sedt, med st\u00f6rre sp\u00e4nstighet.&#8221; (21 sept 1908)<\/p>\n<p>&nbsp;<\/p>\n<figure id=\"attachment_1365\" aria-describedby=\"caption-attachment-1365\" style=\"width: 526px\" class=\"wp-caption aligncenter\"><a href=\"http:\/\/fkn.se\/wp-content\/uploads\/2017\/06\/I-tr\u00e4dg\u00e5rden.jpg\" rel=\"attachment wp-att-1365\"><img loading=\"lazy\" decoding=\"async\" class=\"wp-image-1365 size-full\" src=\"http:\/\/fkn.se\/wp-content\/uploads\/2017\/06\/I-tr\u00e4dg\u00e5rden.jpg\" alt=\"I tr\u00e4dg\u00e5rden\" width=\"526\" height=\"375\" srcset=\"https:\/\/fkn.se\/wp-content\/uploads\/2017\/06\/I-tr\u00e4dg\u00e5rden.jpg 526w, https:\/\/fkn.se\/wp-content\/uploads\/2017\/06\/I-tr\u00e4dg\u00e5rden-300x214.jpg 300w\" sizes=\"auto, (max-width: 526px) 100vw, 526px\" \/><\/a><figcaption id=\"caption-attachment-1365\" class=\"wp-caption-text\"><em>I tr\u00e4dg\u00e5rden<\/em>.\u00a0 1913 olja, Prins Eugens Waldemarsudde<\/figcaption><\/figure>\n<p>&nbsp;<\/p>\n<figure id=\"attachment_3246\" aria-describedby=\"caption-attachment-3246\" style=\"width: 212px\" class=\"wp-caption aligncenter\"><a href=\"https:\/\/fkn.se\/index.php\/karl-nordstrom-och-haron\/vid-stafliet\/\" rel=\"attachment wp-att-3246\"><img loading=\"lazy\" decoding=\"async\" class=\"size-medium wp-image-3246\" src=\"https:\/\/fkn.se\/wp-content\/uploads\/2020\/10\/vid-stafliet-212x300.jpg\" alt=\"\" width=\"212\" height=\"300\" srcset=\"https:\/\/fkn.se\/wp-content\/uploads\/2020\/10\/vid-stafliet-212x300.jpg 212w, https:\/\/fkn.se\/wp-content\/uploads\/2020\/10\/vid-stafliet-724x1024.jpg 724w, https:\/\/fkn.se\/wp-content\/uploads\/2020\/10\/vid-stafliet-768x1086.jpg 768w, https:\/\/fkn.se\/wp-content\/uploads\/2020\/10\/vid-stafliet-1087x1536.jpg 1087w, https:\/\/fkn.se\/wp-content\/uploads\/2020\/10\/vid-stafliet-1449x2048.jpg 1449w, https:\/\/fkn.se\/wp-content\/uploads\/2020\/10\/vid-stafliet.jpg 1654w\" sizes=\"auto, (max-width: 212px) 100vw, 212px\" \/><\/a><figcaption id=\"caption-attachment-3246\" class=\"wp-caption-text\">Karl Nordstr\u00f6m i Tr\u00e4dg\u00e5rds- husets tr\u00e4dg\u00e5rd. Foto:\u00a0 Tekla Nordstr\u00f6m (troligen).\u00a0 Konstn\u00e4rsf\u00f6rbundets arkiv, Nationalmuseum.<\/figcaption><\/figure>\n<p>&nbsp;<\/p>\n<p>En bild av familjens hush\u00e5llning\u00a0 f\u00e5r man av de bevarade kontrab\u00f6ckerna fr\u00e5n k\u00f6pmannen Alexis Lachonius.<\/p>\n<figure id=\"attachment_1831\" aria-describedby=\"caption-attachment-1831\" style=\"width: 1469px\" class=\"wp-caption aligncenter\"><a href=\"http:\/\/fkn.se\/karl-nordstrom-och-haron\/kontrabok-1915\/\" rel=\"attachment wp-att-1831\"><img loading=\"lazy\" decoding=\"async\" class=\"wp-image-1831 size-full\" src=\"http:\/\/fkn.se\/wp-content\/uploads\/2018\/08\/Kontrabok-1915.jpg\" alt=\"\" width=\"1469\" height=\"3507\" srcset=\"https:\/\/fkn.se\/wp-content\/uploads\/2018\/08\/Kontrabok-1915.jpg 1469w, https:\/\/fkn.se\/wp-content\/uploads\/2018\/08\/Kontrabok-1915-126x300.jpg 126w, https:\/\/fkn.se\/wp-content\/uploads\/2018\/08\/Kontrabok-1915-768x1833.jpg 768w, https:\/\/fkn.se\/wp-content\/uploads\/2018\/08\/Kontrabok-1915-429x1024.jpg 429w\" sizes=\"auto, (max-width: 1469px) 100vw, 1469px\" \/><\/a><figcaption id=\"caption-attachment-1831\" class=\"wp-caption-text\">Kontrabok hos Lachonius 1915<\/figcaption><\/figure>\n<p>&nbsp;<\/p>\n<p>Somrarna p\u00e5 H\u00e4r\u00f6n inneb\u00e4r ocks\u00e5 produktivt arbete f\u00f6r konstn\u00e4ren. H\u00f6sten 1914, efter att ha flyttat till en ny atelj\u00e9 i Stockholm, vilket tagit en rundlig tid och varit tr\u00f6ttsamt, konstaterar han: &#8221;Jag har i denna stund \u00e4nnu inte sett p\u00e5 mina sommararbeten men snart kommer jag i tillf\u00e4lle att ta upp arbetet p\u00e5 nytt. Man k\u00e4nner sig alltid nyfiken p\u00e5 att se det man \u00e5stadkommit under sommarens lopp i atelj\u00e9ljus och i en annan omgivning \u00e4n den d\u00e4r man m\u00e5lat.&#8221; (30 sept 1914)<\/p>\n<p>&nbsp;<\/p>\n<figure id=\"attachment_1829\" aria-describedby=\"caption-attachment-1829\" style=\"width: 1166px\" class=\"wp-caption aligncenter\"><a href=\"http:\/\/fkn.se\/karl-nordstrom-och-haron\/ovadersmoln-1905-3\/\" rel=\"attachment wp-att-1829\"><img loading=\"lazy\" decoding=\"async\" class=\"wp-image-1829 size-full\" src=\"http:\/\/fkn.se\/wp-content\/uploads\/2018\/08\/Ovadersmoln-1905.jpg\" alt=\"\" width=\"1166\" height=\"870\" srcset=\"https:\/\/fkn.se\/wp-content\/uploads\/2018\/08\/Ovadersmoln-1905.jpg 1166w, https:\/\/fkn.se\/wp-content\/uploads\/2018\/08\/Ovadersmoln-1905-300x224.jpg 300w, https:\/\/fkn.se\/wp-content\/uploads\/2018\/08\/Ovadersmoln-1905-768x573.jpg 768w, https:\/\/fkn.se\/wp-content\/uploads\/2018\/08\/Ovadersmoln-1905-1024x764.jpg 1024w\" sizes=\"auto, (max-width: 1166px) 100vw, 1166px\" \/><\/a><figcaption id=\"caption-attachment-1829\" class=\"wp-caption-text\"><em>Ov\u00e4dersmoln<\/em>.\u00a0 1905, olja, Nationalmuseum.<\/figcaption><\/figure>\n<p>&nbsp;<\/p>\n<p>Men \u00e4ven andra milj\u00f6er \u00e4n v\u00e4stkusten lockar att utforska. I det tidigare citerade septemberbrevet 1908 ber\u00e4ttar Nordstr\u00f6m om ett uppeh\u00e5ll han gjort p\u00e5 \u00e5terresan till Stockholm: &#8221;Jag satt i Falk\u00f6ping en tid och hade d\u00e4r mycket att ta k\u00e4nnedom om, men ov\u00e4dret f\u00f6rf\u00f6ljde mig: regn och storm hvarje dag, till slut blefvo v\u00e4garna s\u00e5 bottenl\u00f6sa och mina vandringar s\u00e5 besv\u00e4rliga i det ideliga regnandet, att jag inte stod ut l\u00e4ngre, fast\u00e4n jag ej brukar ge mig. Jag m\u00e5ste ge tappt och resa hem. Emellertid hade jag i alla fall portf\u00f6ljen full med teckningar.<\/p>\n<figure id=\"attachment_2151\" aria-describedby=\"caption-attachment-2151\" style=\"width: 566px\" class=\"wp-caption alignnone\"><a href=\"http:\/\/fkn.se\/index.php\/galleri\/slatten-fran-mosseberg-nationalmuseum-2\/\" rel=\"attachment wp-att-2151\"><img loading=\"lazy\" decoding=\"async\" class=\"wp-image-2151\" src=\"http:\/\/fkn.se\/wp-content\/uploads\/2019\/04\/Slatten-fran-Mosseberg-Nationalmuseum.jpg\" alt=\"\" width=\"566\" height=\"431\" srcset=\"https:\/\/fkn.se\/wp-content\/uploads\/2019\/04\/Slatten-fran-Mosseberg-Nationalmuseum.jpg 800w, https:\/\/fkn.se\/wp-content\/uploads\/2019\/04\/Slatten-fran-Mosseberg-Nationalmuseum-300x229.jpg 300w, https:\/\/fkn.se\/wp-content\/uploads\/2019\/04\/Slatten-fran-Mosseberg-Nationalmuseum-768x586.jpg 768w\" sizes=\"auto, (max-width: 566px) 100vw, 566px\" \/><\/a><figcaption id=\"caption-attachment-2151\" class=\"wp-caption-text\"><em>Sl\u00e4tten fr\u00e5n M\u00f6sseberg<\/em>. 1909, kolteckning, Narionalmuseum.<\/figcaption><\/figure>\n<p>Hvad som st\u00f6rde n\u00f6jet f\u00f6rutom obehaget att j\u00e4mt traska i regn och p\u00e5 usla v\u00e4gar, var \u00e5synen av den utest\u00e5ende hafresk\u00f6rden, en del \u00e4nnu oskuren, som fyllde de vattenfyllda f\u00e4lten. Ingen dag utan en grundlig bl\u00f6ta, som naturligtvis gjorde att s\u00e4den blef allt m\u00f6rkare och bedr\u00f6fligare att sk\u00e5da.&#8221; (21 sept 1908)<\/p>\n<figure id=\"attachment_1373\" aria-describedby=\"caption-attachment-1373\" style=\"width: 534px\" class=\"wp-caption aligncenter\"><img loading=\"lazy\" decoding=\"async\" class=\"wp-image-1373 size-full\" src=\"http:\/\/fkn.se\/wp-content\/uploads\/2017\/06\/Nordstrom_alleberg_1909.jpg\" alt=\"Nordstrom_alleberg_1909\" width=\"534\" height=\"357\" srcset=\"https:\/\/fkn.se\/wp-content\/uploads\/2017\/06\/Nordstrom_alleberg_1909.jpg 534w, https:\/\/fkn.se\/wp-content\/uploads\/2017\/06\/Nordstrom_alleberg_1909-300x201.jpg 300w\" sizes=\"auto, (max-width: 534px) 100vw, 534px\" \/><figcaption id=\"caption-attachment-1373\" class=\"wp-caption-text\"><em>\u00c5lleberg<\/em>.\u00a0 1909, olja, privat \u00e4go.<\/figcaption><\/figure>\n<p><em>\u00a0<\/em><\/p>\n<p>V\u00e4l tillbaka i huvudstaden l\u00e4ttar sv\u00e5righeterna. &#8221;H\u00e4ruppe har v\u00e4dret varit mycket b\u00e4ttre hela m\u00e5naden och \u00e4r nu utm\u00e4rkt vackert, om ocks\u00e5 ej s\u00e4rdeles varmt. Jag begagnar mig ocks\u00e5 h\u00e4raf s\u00e5 mycket som m\u00f6jligt inf\u00f6r arbetet utomhus i omgivningarna &#8211; tids nog f\u00e5r jag h\u00e5lla mig till atelj\u00e9n dagarna i \u00e4nda.&#8221;<\/p>\n<p>Inte ens p\u00e5 jullovet ligger konstn\u00e4ren p\u00e5 latsidan. &#8221;F\u00f6r n\u00e4rvarande f\u00f6r man ett stilla julelif. Jag f\u00f6r min part brukar anv\u00e4nda dessa dagar att arbeta p\u00e5, riktigt med full fart, ty eljest blir det olidligt enformigt.&#8221; (30 dec 1908) Och sedan en besk reflektion: &#8221;Staden \u00e4r uttr\u00e5kig nu under helgen, d\u00e5 m\u00e4nniskorna g\u00e5 omkring och egentligen inte g\u00f6ra n\u00e5gonting annat \u00e4n f\u00f6rs\u00f6ka sm\u00e4lta all den mat och julgl\u00f6gg de h\u00e4fva i sig.&#8221; Men f\u00f6r konstn\u00e4ren har den g\u00e5ngna h\u00f6sten varit produktiv: &#8221;F\u00f6r resten har ju h\u00f6sten varit storartadt vacker och jag vet mig f\u00f6r min del ej p\u00e5 m\u00e5nga Herrans \u00e5r ha kommit \u00e5t att arbeta s\u00e5 pass som i \u00e5r. Jag har nu ett par stora taflor med motiv fr\u00e5n Kyrkesundstrakten i g\u00e5ng och hoppas f\u00e5 dem f\u00e4rdiga snart.&#8221;<\/p>\n<p>&nbsp;<\/p>\n<figure id=\"attachment_1363\" aria-describedby=\"caption-attachment-1363\" style=\"width: 584px\" class=\"wp-caption aligncenter\"><a href=\"http:\/\/fkn.se\/wp-content\/uploads\/2017\/06\/Utsikt-\u00f6ver-Kyrkesund.jpg\" rel=\"attachment wp-att-1363\"><img loading=\"lazy\" decoding=\"async\" class=\"wp-image-1363 size-full\" src=\"http:\/\/fkn.se\/wp-content\/uploads\/2017\/06\/Utsikt-\u00f6ver-Kyrkesund.jpg\" alt=\"Utsikt \u00f6ver Kyrkesund\" width=\"584\" height=\"380\" srcset=\"https:\/\/fkn.se\/wp-content\/uploads\/2017\/06\/Utsikt-\u00f6ver-Kyrkesund.jpg 584w, https:\/\/fkn.se\/wp-content\/uploads\/2017\/06\/Utsikt-\u00f6ver-Kyrkesund-300x195.jpg 300w\" sizes=\"auto, (max-width: 584px) 100vw, 584px\" \/><\/a><figcaption id=\"caption-attachment-1363\" class=\"wp-caption-text\"><em>Utsikt \u00f6ver Kyrkesund<\/em>.\u00a0 1911, olja, Nationalmuseum.<\/figcaption><\/figure>\n<p>&nbsp;<\/p>\n<p>1913 intr\u00e4ffar en st\u00f6rning som medf\u00f6r ett uppeh\u00e5ll i de \u00e5rliga sommarresorna. Karl Nordstr\u00f6m skriver den 12 juni till &#8221;K\u00e4re Herr Lachonius&#8221;: &#8221;Antagligen vet Ni p\u00e5 Kyrkesund, att jag f\u00f6r kort tid sedan m\u00e5ste underkasta mig en operation f\u00f6r det onda, som nu l\u00e4nge pl\u00e5gat mig. Det \u00e5terstod intet annat. L\u00e4karne voro p\u00e5 villosp\u00e5r \u00e4nda tills de spr\u00e4ttat upp mig b\u00e5de kors och tv\u00e4rs, d\u00e5 det \u00e4ntligen konstaterades att det var inflammation i gallbl\u00e5san &#8211; och nu, sedan denna avl\u00e4gsnats, anser man att jag skall bli frisk igen.&#8221; Han &#8221;kan ej t\u00e4nka sig att resa n\u00e5gonstans f\u00f6rr\u00e4n efter en rundlig tid, tyv\u00e4rr! Kanske p\u00e5 eftersommaren f\u00f6rm\u00e5r jag r\u00f6ra mig som en m\u00e4nniska.&#8221;<\/p>\n<p>Det \u00e4r inte alltid som familjemedlemmarna kan anl\u00e4nda p\u00e5 samma g\u00e5ng. I brevet den 9 juni 1904 meddelas att Elsa (barn nummer tv\u00e5, 15 \u00e5r) &#8221;\u00e4r f\u00f6r tillf\u00e4llet p\u00e5 Kinne-Kulle i s\u00e4llskap med kamrater vid skolan och reser d\u00e4rifr\u00e5n ned till S\u00e4bylund&#8221;. En annan g\u00e5ng 1914, \u00e4r det det tredje barnet Inger, kallad &#8221;Tullan&#8221; (den sommaren 21 \u00e5r), som reser p\u00e5 egen hand: &#8221;Tullan och en v\u00e4ninna till henne anl\u00e4nder omkr. torsdagen eller s\u00e5 &#8212; efter n\u00e5got uppeh\u00e5ll i G\u00f6teborg, &#8212; vi andra komma n\u00e5gra dagar senare, d\u00e5 jag ej f\u00e5r tid resa h\u00e4rifr\u00e5n s\u00e5 som f\u00f6rut ber\u00e4knats.&#8221; (13 juni 1914)<\/p>\n<p>Tidsh\u00e4ndelserna kommenteras n\u00e5gra g\u00e5nger i breven. H\u00f6sten 1908, en viktig period i svensk inrikespolitik, skriver Nordstr\u00f6m den 21 september: &#8221;H\u00e4r i Stockholm \u00e4r nu, de f\u00e5 dagar som \u00e5terst\u00e5r till riksdagsmannavalet, mycket agitation och oro i l\u00e4gren innan kandidatlistor och \u00f6verenskommelser blifvit klara. I allm\u00e4nhet har man i \u00e5r p\u00e5 v\u00e4nsterh\u00e5ll haft mycken ben\u00e4genhet att s\u00f6ka f\u00e5 fram s\u00e5 radikala namn som m\u00f6jligt och det \u00e4r nog t\u00e4nkbart att en del f\u00f6r\u00e4ndringar p\u00e5 Stockholmsb\u00e4nkarna kommer att ske.&#8221;<\/p>\n<p>D\u00e5 v\u00e4rldskriget utbrutit 1914 \u00e4r \u00e4ldsta dottern ute i Europa: &#8221;Fr\u00e5n Elsa ha vi haft brev helt nyss. Hon har det bra och bereder sig p\u00e5 att \u00f6vervintra p\u00e5 den plats d\u00e4r hon \u00e4r. Den n\u00e4rmare k\u00e4nning man d\u00e4r har av kriget \u00e4r transporter av s\u00e5rade, som komma fr\u00e5n slagf\u00e4lten. \u00c4ven ha de d\u00e4r borta m\u00e5st motta en stor m\u00e4ngd flyktingar fr\u00e5n Belgien, utblottade p\u00e5 allt. Kriget \u00e4r hemskt p\u00e5 avst\u00e5nd, vad skall det d\u00e5 vara p\u00e5 n\u00e4ra h\u00e5ll.&#8221; (30 sept 1914). Och \u00e5ret d\u00e4rp\u00e5: &#8221;Vi ha julat utan s\u00e5v\u00e4l Sven som Elsa. Den f\u00f6rre \u00e4r v\u00e4l att hemv\u00e4nda om en m\u00e5nad fr\u00e5n sin l\u00e5ngf\u00e4rd. Elsa \u00e4r kvar i Paris fortfarande. Det \u00e4r allvarsamma tider vi genomlever och ingen ljusning st\u00e5r \u00e4nnu att uppt\u00e4cka, man fr\u00e5gar knappt l\u00e4ngre n\u00e4r detta skall sluta&#8221;. Och n\u00e5got l\u00e4ngre ner: &#8221;I v\u00e5r krets m\u00e5 vi alla gott och livet g\u00e5r sin g\u00e5ng i dessa bistra tider som tycks bli allt allvarligare. Det blir v\u00e4l ont om matbitarna till slut, \u00e4ven f\u00f6r dem som eljest ha r\u00e5d att k\u00f6pa sig dem; h\u00e4r har varit och \u00e4r \u00e4nnu brist p\u00e5 \u00e5tskilligt och det stod ett tag h\u00e5rt \u00e5t att f\u00e5 en klick sm\u00f6r. Allt s\u00e5dant \u00e4r ovant men man f\u00e5r finna sig. Det finns ju de som ha det l\u00e5ngt v\u00e4rre och detta f\u00e5r vara v\u00e5r tr\u00f6st!&#8221;\u00a0 (31 dec 1915)<\/p>\n<p>Det sista brevet den 1 oktober 1918 inneh\u00e5ller det vanliga tacket f\u00f6r sommarvistelsen hos familjen Lachonius p\u00e5 H\u00e4r\u00f6n: &#8221;Tro emellertid att vi veta och f\u00f6rst\u00e5 uppskatta allt det tillm\u00f6tesg\u00e5ende, den aldrig sinande hj\u00e4lpsamhet vi dagligdags f\u00e5tt mottaga!&#8221; D\u00e4rut\u00f6ver ocks\u00e5 n\u00e5got om aktuella omst\u00e4ndigheter: &#8221;Nu h\u00e5ller man p\u00e5 att ordna sig f\u00f6r att komma ig\u00e5ng med livet i staden. Det \u00e4r \u00e5tskilligt att br\u00e5ka med, men det g\u00e5r v\u00e4l s\u00e5 sm\u00e5ningom, f\u00f6rh\u00e5llandena \u00e4ro naturligtvis inte s\u00e5 gl\u00e4djande, men det tj\u00e4nar ingenting till att j\u00e4mra sig, vinner intet d\u00e4rmed. V\u00e4dret \u00e4r till den grad ruskigt och kallt h\u00e4ruppe att det g\u00e5r \u00f6ver alla gr\u00e4nser, det \u00e4r som vore man l\u00e5ngt inne i november. Men f\u00f6r \u00f6vrigt \u00e4r det en anm\u00e4rkningsv\u00e4rd skillnad p\u00e5 naturintrycket h\u00e4r och nere p\u00e5 v\u00e4stkusten. I G\u00f6teborg t.ex. var tr\u00e4den kala, avl\u00f6vade eller alldeles brunbr\u00e4nda, h\u00e4r \u00e4nnu riktig gr\u00f6nska i skog och parker &#8211; man ser att torkan ej p\u00e5 l\u00e5nga v\u00e4gar farit fram som d\u00e4r nere.&#8221;<\/p>\n<p>Detta \u00e4r det sista brevet i den h\u00e4r brevsamlingen p\u00e5 14 brev. N\u00e5gra mer somrar p\u00e5 H\u00e4r\u00f6n blev det inte f\u00f6r Karl och Tekla Nordstr\u00f6m. Senare under h\u00f6sten avled Sven helt hastigt i spanska sjukan, en ofattbar tragedi, som helt lamslog konstn\u00e4ren, Tekla och systrarna.<\/p>\n<p>&nbsp;<\/p>\n<p>Sammanst\u00e4llning: Staffan Hildemar<\/p>\n<p>&nbsp;<\/p>\n<p>&nbsp;<\/p>\n","protected":false},"excerpt":{"rendered":"<p>Brev som ber\u00e4ttar &nbsp; Fr\u00e5n mitten av 1890-talet reste konstn\u00e4ren Karl Nordstr\u00f6m med familj regelbundet fr\u00e5n Stockholm till v\u00e4stkusten varje sommar. Fr\u00e5n 1895 t o m 1918\u00a0\u00a0 hade han sin sommarvistelse p\u00e5 H\u00e4r\u00f6n utanf\u00f6r Kyrkesund. Familjen hyrde ett &#8221;tr\u00e4dg\u00e5rdshus&#8221; av k\u00f6pmannen Alexis Lachonius, och de brev fr\u00e5n Karl Nordstr\u00f6m till honom som finns bevarade ger &hellip; <a href=\"https:\/\/fkn.se\/index.php\/karl-nordstrom-och-haron\/\" class=\"more-link\">Forts\u00e4tt l\u00e4sa <span class=\"screen-reader-text\">Karl Nordstr\u00f6m och H\u00e4r\u00f6n<\/span><\/a><\/p>\n","protected":false},"author":4,"featured_media":0,"parent":0,"menu_order":0,"comment_status":"closed","ping_status":"closed","template":"","meta":{"footnotes":""},"class_list":["post-1351","page","type-page","status-publish","hentry"],"_links":{"self":[{"href":"https:\/\/fkn.se\/index.php\/wp-json\/wp\/v2\/pages\/1351","targetHints":{"allow":["GET"]}}],"collection":[{"href":"https:\/\/fkn.se\/index.php\/wp-json\/wp\/v2\/pages"}],"about":[{"href":"https:\/\/fkn.se\/index.php\/wp-json\/wp\/v2\/types\/page"}],"author":[{"embeddable":true,"href":"https:\/\/fkn.se\/index.php\/wp-json\/wp\/v2\/users\/4"}],"replies":[{"embeddable":true,"href":"https:\/\/fkn.se\/index.php\/wp-json\/wp\/v2\/comments?post=1351"}],"version-history":[{"count":45,"href":"https:\/\/fkn.se\/index.php\/wp-json\/wp\/v2\/pages\/1351\/revisions"}],"predecessor-version":[{"id":3600,"href":"https:\/\/fkn.se\/index.php\/wp-json\/wp\/v2\/pages\/1351\/revisions\/3600"}],"wp:attachment":[{"href":"https:\/\/fkn.se\/index.php\/wp-json\/wp\/v2\/media?parent=1351"}],"curies":[{"name":"wp","href":"https:\/\/api.w.org\/{rel}","templated":true}]}}