{"id":1296,"date":"2017-05-29T13:10:06","date_gmt":"2017-05-29T11:10:06","guid":{"rendered":"http:\/\/fkn2.elji.info\/?page_id=1296"},"modified":"2021-01-06T13:51:37","modified_gmt":"2021-01-06T12:51:37","slug":"karl-nordstrom-och-tjorn","status":"publish","type":"page","link":"https:\/\/fkn.se\/index.php\/karl-nordstrom-och-tjorn\/","title":{"rendered":"Karl Nordstr\u00f6m och Tj\u00f6rn"},"content":{"rendered":"<p>P\u00e5 Tj\u00f6rn finns flera platser med anknytning till konstn\u00e4ren Karl Nordstr\u00f6m (1855-1923). Han var f\u00f6dd i Hoga. Fadern var l\u00e4nsman p\u00e5 Tj\u00f6rn och efter honom sonen Johan, broder till Karl. D\u00e4refter Johans son Erik Nordstr\u00f6m, vilken betydde mycket f\u00f6r tillkomsten av Tj\u00f6rnbron 1960.<\/p>\n<figure id=\"attachment_1307\" aria-describedby=\"caption-attachment-1307\" style=\"width: 300px\" class=\"wp-caption aligncenter\"><a href=\"http:\/\/fkn.se\/wp-content\/uploads\/2017\/05\/Hoga-dal-JPEG.jpg\" rel=\"attachment wp-att-1307\"><img loading=\"lazy\" decoding=\"async\" class=\"wp-image-1307 size-medium\" src=\"http:\/\/fkn.se\/wp-content\/uploads\/2017\/05\/Hoga-dal-JPEG-300x232.jpg\" alt=\" JPEG\" width=\"300\" height=\"232\" srcset=\"https:\/\/fkn.se\/wp-content\/uploads\/2017\/05\/Hoga-dal-JPEG-300x232.jpg 300w, https:\/\/fkn.se\/wp-content\/uploads\/2017\/05\/Hoga-dal-JPEG.jpg 477w\" sizes=\"auto, (max-width: 300px) 100vw, 300px\" \/><\/a><figcaption id=\"caption-attachment-1307\" class=\"wp-caption-text\"><em>Hoga g\u00e5rd p\u00e5 Tj\u00f6rn.<\/em>\u00a0 1897, akvarell, Prins Eugens Waldemarsudde.<\/figcaption><\/figure>\n<p>Karl Nordstr\u00f6m \u00e4r en av Sveriges fr\u00e4msta landskapsm\u00e5lare. Han vistades p\u00e5 1880-talet i Frankrike tillsammans med generationskamraterna Carl Larsson, Richard Bergh, Nils Kreuger, Bruno Liljefors, Oscar Bj\u00f6rck m fl. Han \u00e4r representerad p\u00e5 bl a G\u00f6teborgs konstmuseum, Nationalmuseum i Stockholm, Norrk\u00f6pings Konstmuseum och framf\u00f6rallt p\u00e5 Prins Eugens Waldemarsudde. Han var konstn\u00e4rskollega och n\u00e4ra v\u00e4n till Prins Eugen. Ett flertal av Nordstr\u00f6ms tavlor har motiv h\u00e4mtade fr\u00e5n Tj\u00f6rn.<\/p>\n<figure id=\"attachment_1398\" aria-describedby=\"caption-attachment-1398\" style=\"width: 300px\" class=\"wp-caption aligncenter\"><a href=\"http:\/\/fkn.se\/wp-content\/uploads\/2017\/05\/Hoga.jpg\" rel=\"attachment wp-att-1398\"><img loading=\"lazy\" decoding=\"async\" class=\"wp-image-1398 size-medium\" src=\"http:\/\/fkn.se\/wp-content\/uploads\/2017\/05\/Hoga-300x225.jpg\" alt=\"OLYMPUS DIGITAL CAMERA\" width=\"300\" height=\"225\" srcset=\"https:\/\/fkn.se\/wp-content\/uploads\/2017\/05\/Hoga-300x225.jpg 300w, https:\/\/fkn.se\/wp-content\/uploads\/2017\/05\/Hoga-768x576.jpg 768w, https:\/\/fkn.se\/wp-content\/uploads\/2017\/05\/Hoga-1024x768.jpg 1024w, https:\/\/fkn.se\/wp-content\/uploads\/2017\/05\/Hoga.jpg 1984w\" sizes=\"auto, (max-width: 300px) 100vw, 300px\" \/><\/a><figcaption id=\"caption-attachment-1398\" class=\"wp-caption-text\">Karl Nordstr\u00f6ms f\u00f6delsehus, Hoga.\u00a0 \u00a0 \u00a0 \u00a0 \u00a0 Foto: Staffan Hildemar<\/figcaption><\/figure>\n<p>F\u00f6delseplatsen Hoga g\u00e5rd ligger mellan K\u00e5llek\u00e4rr och Sk\u00e4rhamn d\u00e4r v\u00e4gen g\u00e5r\u00a0 till S\u00e4by. Huset finns kvar intill det senare byggda (1860) vita g\u00e5rdshuset.<\/p>\n<p>Under m\u00e5nga \u00e5r i slutet av 1890-talet och till 1918 sommarbodde Karl Nordstr\u00f6m med sin familj p\u00e5 H\u00e4r\u00f6n. De hyrde av k\u00f6pmannen Alexis Lachonius \u00a0en tr\u00e4dg\u00e5rdsbyggnad \u00a0i den s k engelska tr\u00e4dg\u00e5rden.<\/p>\n<figure id=\"attachment_1309\" aria-describedby=\"caption-attachment-1309\" style=\"width: 300px\" class=\"wp-caption aligncenter\"><a href=\"http:\/\/fkn.se\/wp-content\/uploads\/2017\/05\/H\u00e4r\u00f6n-tr\u00e4dg\u00e5rdshuset.jpg\" rel=\"attachment wp-att-1309\"><img loading=\"lazy\" decoding=\"async\" class=\"wp-image-1309 size-medium\" src=\"http:\/\/fkn.se\/wp-content\/uploads\/2017\/05\/H\u00e4r\u00f6n-tr\u00e4dg\u00e5rdshuset-300x225.jpg\" alt=\"OLYMPUS DIGITAL CAMERA\" width=\"300\" height=\"225\" srcset=\"https:\/\/fkn.se\/wp-content\/uploads\/2017\/05\/H\u00e4r\u00f6n-tr\u00e4dg\u00e5rdshuset-300x225.jpg 300w, https:\/\/fkn.se\/wp-content\/uploads\/2017\/05\/H\u00e4r\u00f6n-tr\u00e4dg\u00e5rdshuset.jpg 333w\" sizes=\"auto, (max-width: 300px) 100vw, 300px\" \/><\/a><figcaption id=\"caption-attachment-1309\" class=\"wp-caption-text\">Tr\u00e4dg\u00e5rdsbyggnaden, H\u00e4r\u00f6n.\u00a0 \u00a0 \u00a0 \u00a0 \u00a0 \u00a0 \u00a0 \u00a0 \u00a0 \u00a0 \u00a0Foto: Staffan Hildemar<\/figcaption><\/figure>\n<p>Huset som Nordstr\u00f6ms hyrde p\u00e5 H\u00e4r\u00f6n ligger norr om magasinet intill sundet.<\/p>\n<p>Det finns m\u00e5nga m\u00e5lningar med motiv fr\u00e5n Kyrkesund med eller utan segelb\u00e5tar, som t ex de tv\u00e5 nedanst\u00e5ende fr\u00e5n 1917 resp 1914.<\/p>\n<figure id=\"attachment_1306\" aria-describedby=\"caption-attachment-1306\" style=\"width: 300px\" class=\"wp-caption aligncenter\"><a href=\"http:\/\/fkn.se\/wp-content\/uploads\/2017\/05\/Fiskarstugor-vid-sundet-1917.jpg\" rel=\"attachment wp-att-1306\"><img loading=\"lazy\" decoding=\"async\" class=\"wp-image-1306 size-medium\" src=\"http:\/\/fkn.se\/wp-content\/uploads\/2017\/05\/Fiskarstugor-vid-sundet-1917-300x217.jpg\" alt=\"\" width=\"300\" height=\"217\" srcset=\"https:\/\/fkn.se\/wp-content\/uploads\/2017\/05\/Fiskarstugor-vid-sundet-1917-300x217.jpg 300w, https:\/\/fkn.se\/wp-content\/uploads\/2017\/05\/Fiskarstugor-vid-sundet-1917-768x556.jpg 768w, https:\/\/fkn.se\/wp-content\/uploads\/2017\/05\/Fiskarstugor-vid-sundet-1917-1024x742.jpg 1024w, https:\/\/fkn.se\/wp-content\/uploads\/2017\/05\/Fiskarstugor-vid-sundet-1917.jpg 1764w\" sizes=\"auto, (max-width: 300px) 100vw, 300px\" \/><\/a><figcaption id=\"caption-attachment-1306\" class=\"wp-caption-text\"><em>Fiskarstugor vid sundet.<\/em>\u00a0 1917, olja,\u00a0 Norrk\u00f6pings Konstmuseum.<\/figcaption><\/figure>\n<figure id=\"attachment_641\" aria-describedby=\"caption-attachment-641\" style=\"width: 444px\" class=\"wp-caption aligncenter\"><a href=\"http:\/\/fkn.se\/index.php\/galleri\/kyrkesund-5pg-2\/\" rel=\"attachment wp-att-641\"><img loading=\"lazy\" decoding=\"async\" class=\"wp-image-641 \" src=\"http:\/\/fkn.se\/wp-content\/uploads\/2015\/06\/Kyrkesund-5pg1.jpg\" alt=\"\" width=\"444\" height=\"270\" srcset=\"https:\/\/fkn.se\/wp-content\/uploads\/2015\/06\/Kyrkesund-5pg1.jpg 710w, https:\/\/fkn.se\/wp-content\/uploads\/2015\/06\/Kyrkesund-5pg1-300x183.jpg 300w\" sizes=\"auto, (max-width: 444px) 100vw, 444px\" \/><\/a><figcaption id=\"caption-attachment-641\" class=\"wp-caption-text\"><em>En handelsplats i sk\u00e4rg\u00e5rden, Bohusl\u00e4n<\/em>.\u00a0 1914, olja, privat \u00e4go.<\/figcaption><\/figure>\n<p>P\u00e5 sundets sydostsida ligger det gamla trankokeriet K\u00e5lhuvudet. Karl Nordstr\u00f6ms m\u00e5lning nedan \u00e4r fr\u00e5n 1909 och h\u00e4nger i elevmatsalen i Billstr\u00f6mska folkh\u00f6gskolan.<\/p>\n<figure id=\"attachment_1211\" aria-describedby=\"caption-attachment-1211\" style=\"width: 300px\" class=\"wp-caption aligncenter\"><a href=\"http:\/\/fkn.se\/wp-content\/uploads\/2017\/04\/K\u00e5lhuvudet-2.jpg\" rel=\"attachment wp-att-1211\"><img loading=\"lazy\" decoding=\"async\" class=\"wp-image-1211 size-medium\" src=\"http:\/\/fkn.se\/wp-content\/uploads\/2017\/04\/K\u00e5lhuvudet-2-300x213.jpg\" alt=\" 2\" width=\"300\" height=\"213\" srcset=\"https:\/\/fkn.se\/wp-content\/uploads\/2017\/04\/K\u00e5lhuvudet-2-300x213.jpg 300w, https:\/\/fkn.se\/wp-content\/uploads\/2017\/04\/K\u00e5lhuvudet-2-768x546.jpg 768w, https:\/\/fkn.se\/wp-content\/uploads\/2017\/04\/K\u00e5lhuvudet-2-1024x728.jpg 1024w, https:\/\/fkn.se\/wp-content\/uploads\/2017\/04\/K\u00e5lhuvudet-2.jpg 1269w\" sizes=\"auto, (max-width: 300px) 100vw, 300px\" \/><\/a><figcaption id=\"caption-attachment-1211\" class=\"wp-caption-text\"><em>K\u00e5lhuvudet<\/em>.\u00a0 1909, olja, Billstr\u00f6mska folkh\u00f6gskolan, Tj\u00f6rn.<\/figcaption><\/figure>\n<p>I tr\u00e4dg\u00e5rden p\u00e5 Billstr\u00f6mska folkh\u00f6gskolan finns Carl Eldhs byst av Karl Nordstr\u00f6m. Den ink\u00f6ptes och placerades d\u00e4r vid 100-\u00e5rsminnet av konstn\u00e4rens f\u00f6delse 1955.<\/p>\n<figure id=\"attachment_1314\" aria-describedby=\"caption-attachment-1314\" style=\"width: 202px\" class=\"wp-caption aligncenter\"><a href=\"http:\/\/fkn.se\/wp-content\/uploads\/2017\/05\/Byst.jpg\" rel=\"attachment wp-att-1314\"><img loading=\"lazy\" decoding=\"async\" class=\"wp-image-1314 size-medium\" src=\"http:\/\/fkn.se\/wp-content\/uploads\/2017\/05\/Byst-202x300.jpg\" alt=\"Byst\" width=\"202\" height=\"300\" srcset=\"https:\/\/fkn.se\/wp-content\/uploads\/2017\/05\/Byst-202x300.jpg 202w, https:\/\/fkn.se\/wp-content\/uploads\/2017\/05\/Byst.jpg 275w\" sizes=\"auto, (max-width: 202px) 100vw, 202px\" \/><\/a><figcaption id=\"caption-attachment-1314\" class=\"wp-caption-text\">Carl Eldhs byst av Karl Nordstr\u00f6m. Foto: Anders Littke<\/figcaption><\/figure>\n<figure id=\"attachment_1316\" aria-describedby=\"caption-attachment-1316\" style=\"width: 300px\" class=\"wp-caption aligncenter\"><a href=\"http:\/\/fkn.se\/wp-content\/uploads\/2017\/05\/Hartippen.jpg\" rel=\"attachment wp-att-1316\"><img loading=\"lazy\" decoding=\"async\" class=\"wp-image-1316 size-medium\" src=\"http:\/\/fkn.se\/wp-content\/uploads\/2017\/05\/Hartippen-300x208.jpg\" alt=\"\" width=\"300\" height=\"208\" srcset=\"https:\/\/fkn.se\/wp-content\/uploads\/2017\/05\/Hartippen-300x208.jpg 300w, https:\/\/fkn.se\/wp-content\/uploads\/2017\/05\/Hartippen.jpg 667w\" sizes=\"auto, (max-width: 300px) 100vw, 300px\" \/><\/a><figcaption id=\"caption-attachment-1316\" class=\"wp-caption-text\"><em>Hartippen p\u00e5 Tj\u00f6rn.\u00a0 <\/em>1897, olja, G\u00f6teborgs Konstmuseum.<\/figcaption><\/figure>\n<p>Berget\u00a0Hartippen (90 m \u00f6 h) ser man p\u00e5 andra sidan dalg\u00e5ngen fr\u00e5n Billstr\u00f6mska folkh\u00f6gskolan. M\u00e5lningen finns p\u00e5 G\u00f6teborgs konstmuseum i F\u00fcrstenbergska galleriet.<\/p>\n<p>&nbsp;<\/p>\n<figure id=\"attachment_2459\" aria-describedby=\"caption-attachment-2459\" style=\"width: 352px\" class=\"wp-caption aligncenter\"><a href=\"http:\/\/fkn.se\/karl-nordstrom-och-tjorn\/hartippen-6\/\" rel=\"attachment wp-att-2459\"><img loading=\"lazy\" decoding=\"async\" class=\"wp-image-2459 \" src=\"http:\/\/fkn.se\/wp-content\/uploads\/2019\/11\/Hartippen-1024x839.jpg\" alt=\"\" width=\"352\" height=\"289\" srcset=\"https:\/\/fkn.se\/wp-content\/uploads\/2019\/11\/Hartippen-1024x839.jpg 1024w, https:\/\/fkn.se\/wp-content\/uploads\/2019\/11\/Hartippen-300x246.jpg 300w, https:\/\/fkn.se\/wp-content\/uploads\/2019\/11\/Hartippen-768x629.jpg 768w\" sizes=\"auto, (max-width: 352px) 100vw, 352px\" \/><\/a><figcaption id=\"caption-attachment-2459\" class=\"wp-caption-text\">Hartippen fr\u00e5n Billstr\u00f6mska folkh\u00f6gskolan\u00a0\u00a0\u00a0\u00a0 Foto : Anita Wannheden (2019).<\/figcaption><\/figure>\n<p>&nbsp;<\/p>\n<p>M\u00e5lningen\u00a0<em>Gravkumlet<\/em> fr\u00e5n 1903 \u00e4r troligen fr\u00e5n Vetteberget.<\/p>\n<figure id=\"attachment_1318\" aria-describedby=\"caption-attachment-1318\" style=\"width: 300px\" class=\"wp-caption aligncenter\"><a href=\"http:\/\/fkn.se\/wp-content\/uploads\/2017\/05\/Gravkumlet.jpg\" rel=\"attachment wp-att-1318\"><img loading=\"lazy\" decoding=\"async\" class=\"wp-image-1318 size-medium\" src=\"http:\/\/fkn.se\/wp-content\/uploads\/2017\/05\/Gravkumlet-300x183.jpg\" alt=\"\" width=\"300\" height=\"183\" srcset=\"https:\/\/fkn.se\/wp-content\/uploads\/2017\/05\/Gravkumlet-300x183.jpg 300w, https:\/\/fkn.se\/wp-content\/uploads\/2017\/05\/Gravkumlet.jpg 445w\" sizes=\"auto, (max-width: 300px) 100vw, 300px\" \/><\/a><figcaption id=\"caption-attachment-1318\" class=\"wp-caption-text\"><em>Gravkumlet.\u00a0 <\/em>1903, olja, Norrk\u00f6pings Konstmuseum.<\/figcaption><\/figure>\n<p>N\u00e5gra av platserna p\u00e5 Tj\u00f6rn med anknytning till Karl Nordstr\u00f6m finns utm\u00e4rkta p\u00e5 kartan nedan.<\/p>\n<p><a href=\"https:\/\/fkn.se\/index.php\/karl-nordstrom-och-tjorn\/tjornkarta-4\/\" rel=\"attachment wp-att-1311\"><img loading=\"lazy\" decoding=\"async\" class=\"alignnone size-full wp-image-1311\" src=\"https:\/\/fkn.se\/wp-content\/uploads\/2017\/05\/Tj\u00f6rnkarta-4.jpg\" alt=\"\" width=\"570\" height=\"595\" srcset=\"https:\/\/fkn.se\/wp-content\/uploads\/2017\/05\/Tj\u00f6rnkarta-4.jpg 570w, https:\/\/fkn.se\/wp-content\/uploads\/2017\/05\/Tj\u00f6rnkarta-4-287x300.jpg 287w\" sizes=\"auto, (max-width: 570px) 100vw, 570px\" \/><\/a><\/p>\n<p>&nbsp;<\/p>\n<p>&nbsp;<\/p>\n","protected":false},"excerpt":{"rendered":"<p>P\u00e5 Tj\u00f6rn finns flera platser med anknytning till konstn\u00e4ren Karl Nordstr\u00f6m (1855-1923). Han var f\u00f6dd i Hoga. Fadern var l\u00e4nsman p\u00e5 Tj\u00f6rn och efter honom sonen Johan, broder till Karl. D\u00e4refter Johans son Erik Nordstr\u00f6m, vilken betydde mycket f\u00f6r tillkomsten av Tj\u00f6rnbron 1960. Karl Nordstr\u00f6m \u00e4r en av Sveriges fr\u00e4msta landskapsm\u00e5lare. Han vistades p\u00e5 1880-talet &hellip; <a href=\"https:\/\/fkn.se\/index.php\/karl-nordstrom-och-tjorn\/\" class=\"more-link\">Forts\u00e4tt l\u00e4sa <span class=\"screen-reader-text\">Karl Nordstr\u00f6m och Tj\u00f6rn<\/span><\/a><\/p>\n","protected":false},"author":4,"featured_media":0,"parent":0,"menu_order":0,"comment_status":"closed","ping_status":"closed","template":"","meta":{"footnotes":""},"class_list":["post-1296","page","type-page","status-publish","hentry"],"_links":{"self":[{"href":"https:\/\/fkn.se\/index.php\/wp-json\/wp\/v2\/pages\/1296","targetHints":{"allow":["GET"]}}],"collection":[{"href":"https:\/\/fkn.se\/index.php\/wp-json\/wp\/v2\/pages"}],"about":[{"href":"https:\/\/fkn.se\/index.php\/wp-json\/wp\/v2\/types\/page"}],"author":[{"embeddable":true,"href":"https:\/\/fkn.se\/index.php\/wp-json\/wp\/v2\/users\/4"}],"replies":[{"embeddable":true,"href":"https:\/\/fkn.se\/index.php\/wp-json\/wp\/v2\/comments?post=1296"}],"version-history":[{"count":37,"href":"https:\/\/fkn.se\/index.php\/wp-json\/wp\/v2\/pages\/1296\/revisions"}],"predecessor-version":[{"id":3480,"href":"https:\/\/fkn.se\/index.php\/wp-json\/wp\/v2\/pages\/1296\/revisions\/3480"}],"wp:attachment":[{"href":"https:\/\/fkn.se\/index.php\/wp-json\/wp\/v2\/media?parent=1296"}],"curies":[{"name":"wp","href":"https:\/\/api.w.org\/{rel}","templated":true}]}}